{"id":1328,"date":"2026-03-13T14:13:08","date_gmt":"2026-03-13T14:13:08","guid":{"rendered":"https:\/\/vattunongnghiep.store\/?post_type=product&#038;p=1328"},"modified":"2026-03-13T14:13:08","modified_gmt":"2026-03-13T14:13:08","slug":"thuoc-sat-khuan-phong-ngua-nam-cho-cay-trong-physan-20sl","status":"publish","type":"product","link":"https:\/\/vattunongnghiep.store\/index.php\/san-pham\/thuoc-sat-khuan-phong-ngua-nam-cho-cay-trong-physan-20sl\/","title":{"rendered":"Thu\u1ed1c s\u00e1t khu\u1ea9n ph\u00f2ng ng\u1eeba n\u1ea5m cho c\u00e2y tr\u1ed3ng PHYSAN 20SL (100ml)"},"content":{"rendered":"<p><span style=\"color: #000000; font-family: arial, helvetica, sans-serif;\"><strong data-start=\"0\" data-end=\"60\" data-is-only-node=\"\">Thu\u1ed1c s\u00e1t khu\u1ea9n ph\u00f2ng ng\u1eeba n\u1ea5m cho c\u00e2y tr\u1ed3ng PHYSAN 20SL<\/strong> \u0111\u01b0\u1ee3c nhi\u1ec1u nh\u00e0 v\u01b0\u1eddn tin d\u00f9ng \u0111\u1ec3 gi\u1eef m\u00f4i tr\u01b0\u1eddng tr\u1ed3ng lu\u00f4n s\u1ea1ch khu\u1ea9n v\u00e0 an to\u00e0n cho c\u00e2y. S\u1ea3n ph\u1ea9m gi\u00fap ki\u1ec3m so\u00e1t hi\u1ec7u qu\u1ea3 c\u00e1c lo\u1ea1i n\u1ea5m v\u00e0 vi khu\u1ea9n g\u00e2y h\u1ea1i th\u01b0\u1eddng xu\u1ea5t hi\u1ec7n tr\u00ean l\u00e1, th\u00e2n v\u00e0 b\u1ec1 m\u1eb7t gi\u00e1 th\u1ec3. C\u00f4ng th\u1ee9c dung d\u1ecbch chuy\u00ean d\u1ee5ng h\u1ed7 tr\u1ee3 kh\u1eed tr\u00f9ng nhanh, gi\u1ea3m nguy c\u01a1 ph\u00e1t sinh m\u1ea7m b\u1ec7nh trong qu\u00e1 tr\u00ecnh ch\u0103m s\u00f3c c\u00e2y. Khi s\u1eed d\u1ee5ng \u0111\u1ecbnh k\u1ef3, PHYSAN 20SL gi\u00fap h\u1ea1n ch\u1ebf l\u00e2y lan n\u1ea5m b\u1ec7nh, gi\u1eef cho v\u01b0\u1eddn c\u00e2y lu\u00f4n kh\u1ecfe m\u1ea1nh v\u00e0 ph\u00e1t tri\u1ec3n \u1ed5n \u0111\u1ecbnh. S\u1ea3n ph\u1ea9m \u0111\u1eb7c bi\u1ec7t ph\u00f9 h\u1ee3p cho lan, c\u00e2y ki\u1ec3ng v\u00e0 nhi\u1ec1u lo\u1ea1i c\u00e2y tr\u1ed3ng c\u1ea7n m\u00f4i tr\u01b0\u1eddng s\u1ea1ch b\u1ec7nh.<\/span><\/p>\n<h2 data-section-id=\"6xwocr\" data-start=\"587\" data-end=\"612\"><span style=\"color: #000000; font-family: arial, helvetica, sans-serif;\">Th\u00e0nh ph\u1ea7n &#8211; ho\u1ea1t ch\u1ea5t<\/span><\/h2>\n<figure id=\"attachment_1331\" aria-describedby=\"caption-attachment-1331\" style=\"width: 900px\" class=\"wp-caption aligncenter\"><img loading=\"lazy\" decoding=\"async\" class=\"wp-image-1331 size-full\" src=\"http:\/\/vattunongnghiep.store\/wp-content\/uploads\/2026\/03\/thanh-phan-physan-20sl-sat-khuan-phong-nam-cay-trong.jpg\" alt=\"\" width=\"900\" height=\"900\" srcset=\"https:\/\/vattunongnghiep.store\/wp-content\/uploads\/2026\/03\/thanh-phan-physan-20sl-sat-khuan-phong-nam-cay-trong.jpg 900w, https:\/\/vattunongnghiep.store\/wp-content\/uploads\/2026\/03\/thanh-phan-physan-20sl-sat-khuan-phong-nam-cay-trong-300x300.jpg 300w, https:\/\/vattunongnghiep.store\/wp-content\/uploads\/2026\/03\/thanh-phan-physan-20sl-sat-khuan-phong-nam-cay-trong-150x150.jpg 150w, https:\/\/vattunongnghiep.store\/wp-content\/uploads\/2026\/03\/thanh-phan-physan-20sl-sat-khuan-phong-nam-cay-trong-768x768.jpg 768w, https:\/\/vattunongnghiep.store\/wp-content\/uploads\/2026\/03\/thanh-phan-physan-20sl-sat-khuan-phong-nam-cay-trong-600x600.jpg 600w, https:\/\/vattunongnghiep.store\/wp-content\/uploads\/2026\/03\/thanh-phan-physan-20sl-sat-khuan-phong-nam-cay-trong-100x100.jpg 100w\" sizes=\"auto, (max-width: 900px) 100vw, 900px\" \/><figcaption id=\"caption-attachment-1331\" class=\"wp-caption-text\"><\/span> <span style=\"color: #000000; font-family: arial, helvetica, sans-serif;\">Th\u00e0nh ph\u1ea7n Physan 20SL s\u00e1t khu\u1ea9n ph\u00f2ng n\u1ea5m cho c\u00e2y tr\u1ed3ng<\/span><\/figcaption><\/figure>\n<h3 data-section-id=\"8a7bxr\" data-start=\"614\" data-end=\"651\"><span style=\"color: #000000; font-family: arial, helvetica, sans-serif;\">Dimethyl Benzyl Ammonium Chloride<\/span><\/h3>\n<p data-start=\"653\" data-end=\"1072\"><span style=\"color: #000000; font-family: arial, helvetica, sans-serif;\">\u0110\u00e2y l\u00e0 ho\u1ea1t ch\u1ea5t s\u00e1t khu\u1ea9n thu\u1ed9c nh\u00f3m h\u1ee3p ch\u1ea5t amoni b\u1eadc b\u1ed1n c\u00f3 kh\u1ea3 n\u0103ng ti\u00eau di\u1ec7t nhi\u1ec1u lo\u1ea1i vi sinh v\u1eadt g\u00e2y h\u1ea1i. Khi ti\u1ebfp x\u00fac v\u1edbi vi khu\u1ea9n ho\u1eb7c n\u1ea5m b\u1ec7nh, ho\u1ea1t ch\u1ea5t n\u00e0y ph\u00e1 v\u1ee1 c\u1ea5u tr\u00fac m\u00e0ng t\u1ebf b\u00e0o khi\u1ebfn m\u1ea7m b\u1ec7nh nhanh ch\u00f3ng b\u1ecb b\u1ea5t ho\u1ea1t. <\/span><\/p>\n<p data-start=\"653\" data-end=\"1072\"><span style=\"color: #000000; font-family: arial, helvetica, sans-serif;\">Nh\u1edd c\u01a1 ch\u1ebf \u0111\u00f3, PHYSAN 20SL gi\u00fap l\u00e0m s\u1ea1ch b\u1ec1 m\u1eb7t l\u00e1, th\u00e2n v\u00e0 khu v\u1ef1c xung quanh c\u00e2y tr\u1ed3ng. Vi\u1ec7c ki\u1ec3m so\u00e1t t\u1ed1t ngu\u1ed3n b\u1ec7nh ngay t\u1eeb \u0111\u1ea7u gi\u00fap gi\u1ea3m nguy c\u01a1 b\u00f9ng ph\u00e1t d\u1ecbch b\u1ec7nh trong v\u01b0\u1eddn.<\/span><\/p>\n<h3 data-section-id=\"5jcp43\" data-start=\"1074\" data-end=\"1116\"><span style=\"color: #000000; font-family: arial, helvetica, sans-serif;\">Dimethyl Ethylbenzyl Ammonium Chloride<\/span><\/h3>\n<p data-start=\"1118\" data-end=\"1512\"><span style=\"color: #000000; font-family: arial, helvetica, sans-serif;\">Th\u00e0nh ph\u1ea7n n\u00e0y \u0111\u00f3ng vai tr\u00f2 h\u1ed7 tr\u1ee3 v\u00e0 m\u1edf r\u1ed9ng kh\u1ea3 n\u0103ng s\u00e1t khu\u1ea9n c\u1ee7a s\u1ea3n ph\u1ea9m. Ho\u1ea1t ch\u1ea5t gi\u00fap t\u0103ng hi\u1ec7u qu\u1ea3 ti\u00eau di\u1ec7t nhi\u1ec1u lo\u1ea1i vi khu\u1ea9n v\u00e0 n\u1ea5m g\u00e2y h\u1ea1i t\u1ed3n t\u1ea1i tr\u00ean c\u00e2y tr\u1ed3ng. Khi k\u1ebft h\u1ee3p c\u00f9ng c\u00e1c h\u1ee3p ch\u1ea5t amoni kh\u00e1c, kh\u1ea3 n\u0103ng kh\u1eed tr\u00f9ng c\u1ee7a PHYSAN 20SL \u0111\u01b0\u1ee3c t\u0103ng c\u01b0\u1eddng r\u00f5 r\u1ec7t. Nh\u1edd v\u1eady dung d\u1ecbch c\u00f3 th\u1ec3 \u0111\u01b0\u1ee3c s\u1eed d\u1ee5ng \u0111\u1ec3 x\u1eed l\u00fd c\u00e2y, gi\u00e1 th\u1ec3 v\u00e0 nhi\u1ec1u b\u1ec1 m\u1eb7t kh\u00e1c trong qu\u00e1 tr\u00ecnh ch\u0103m s\u00f3c c\u00e2y tr\u1ed3ng.<\/span><\/p>\n<h2 data-section-id=\"6m7noz\" data-start=\"1519\" data-end=\"1531\"><span style=\"color: #000000; font-family: arial, helvetica, sans-serif;\">C\u00f4ng d\u1ee5ng<\/span><\/h2>\n<h3 data-section-id=\"1dr56fq\" data-start=\"1533\" data-end=\"1575\"><span style=\"color: #000000; font-family: arial, helvetica, sans-serif;\">S\u00e1t khu\u1ea9n v\u00e0 l\u00e0m s\u1ea1ch b\u1ec1 m\u1eb7t c\u00e2y tr\u1ed3ng<\/span><\/h3>\n<p data-start=\"1577\" data-end=\"1919\"><span style=\"color: #000000; font-family: arial, helvetica, sans-serif;\">PHYSAN 20SL gi\u00fap ti\u00eau di\u1ec7t vi khu\u1ea9n v\u00e0 n\u1ea5m t\u1ed3n t\u1ea1i tr\u00ean l\u00e1, th\u00e2n v\u00e0 c\u00e1c b\u1ed9 ph\u1eadn kh\u00e1c c\u1ee7a c\u00e2y. Khi dung d\u1ecbch \u0111\u01b0\u1ee3c phun \u0111\u1ec1u, ho\u1ea1t ch\u1ea5t s\u1ebd nhanh ch\u00f3ng ti\u1ebfp x\u00fac v\u1edbi m\u1ea7m b\u1ec7nh v\u00e0 l\u00e0m m\u1ea5t kh\u1ea3 n\u0103ng ph\u00e1t tri\u1ec3n c\u1ee7a ch\u00fang. \u0110i\u1ec1u n\u00e0y gi\u00fap gi\u1ea3m s\u1ef1 l\u00e2y lan b\u1ec7nh trong khu v\u1ef1c tr\u1ed3ng tr\u1ecdt. Nh\u1edd v\u1eady c\u00e2y duy tr\u00ec \u0111\u01b0\u1ee3c tr\u1ea1ng th\u00e1i sinh tr\u01b0\u1edfng kh\u1ecfe m\u1ea1nh v\u00e0 \u1ed5n \u0111\u1ecbnh.<\/span><\/p>\n<figure id=\"attachment_1330\" aria-describedby=\"caption-attachment-1330\" style=\"width: 1024px\" class=\"wp-caption aligncenter\"><img loading=\"lazy\" decoding=\"async\" class=\"wp-image-1330 size-full\" src=\"http:\/\/vattunongnghiep.store\/wp-content\/uploads\/2026\/03\/cong-dung-physan-20sl-sat-khuan-phong-nam-cay-trong-e1773411108420.jpg\" alt=\"\" width=\"1024\" height=\"976\" srcset=\"https:\/\/vattunongnghiep.store\/wp-content\/uploads\/2026\/03\/cong-dung-physan-20sl-sat-khuan-phong-nam-cay-trong-e1773411108420.jpg 1024w, https:\/\/vattunongnghiep.store\/wp-content\/uploads\/2026\/03\/cong-dung-physan-20sl-sat-khuan-phong-nam-cay-trong-e1773411108420-300x286.jpg 300w, https:\/\/vattunongnghiep.store\/wp-content\/uploads\/2026\/03\/cong-dung-physan-20sl-sat-khuan-phong-nam-cay-trong-e1773411108420-768x732.jpg 768w, https:\/\/vattunongnghiep.store\/wp-content\/uploads\/2026\/03\/cong-dung-physan-20sl-sat-khuan-phong-nam-cay-trong-e1773411108420-600x572.jpg 600w\" sizes=\"auto, (max-width: 1024px) 100vw, 1024px\" \/><figcaption id=\"caption-attachment-1330\" class=\"wp-caption-text\"><\/span> <span style=\"color: #000000; font-family: arial, helvetica, sans-serif;\">C\u00f4ng d\u1ee5ng Physan 20SL s\u00e1t khu\u1ea9n ph\u00f2ng n\u1ea5m cho c\u00e2y tr\u1ed3ng<\/span><\/figcaption><\/figure>\n<h3 data-section-id=\"9mvyzx\" data-start=\"1921\" data-end=\"1960\"><span style=\"color: #000000; font-family: arial, helvetica, sans-serif;\">H\u1ed7 tr\u1ee3 ph\u00f2ng ng\u1eeba n\u1ea5m b\u1ec7nh hi\u1ec7u qu\u1ea3<\/span><\/h3>\n<p data-start=\"1962\" data-end=\"2315\"><span style=\"color: #000000; font-family: arial, helvetica, sans-serif;\">S\u1eed d\u1ee5ng PHYSAN 20SL \u0111\u1ecbnh k\u1ef3 gi\u00fap h\u1ea1n ch\u1ebf s\u1ef1 ph\u00e1t tri\u1ec3n c\u1ee7a nhi\u1ec1u lo\u1ea1i n\u1ea5m g\u00e2y h\u1ea1i th\u01b0\u1eddng g\u1eb7p tr\u00ean c\u00e2y tr\u1ed3ng. Khi m\u00f4i tr\u01b0\u1eddng xung quanh c\u00e2y lu\u00f4n \u0111\u01b0\u1ee3c s\u00e1t khu\u1ea9n, m\u1ea7m b\u1ec7nh kh\u00f3 c\u00f3 \u0111i\u1ec1u ki\u1ec7n ph\u00e1t tri\u1ec3n m\u1ea1nh. \u0110i\u1ec1u n\u00e0y \u0111\u1eb7c bi\u1ec7t h\u1eefu \u00edch trong m\u00f9a m\u01b0a ho\u1eb7c th\u1eddi \u0111i\u1ec3m \u0111\u1ed9 \u1ea9m cao. Vi\u1ec7c ph\u00f2ng b\u1ec7nh ch\u1ee7 \u0111\u1ed9ng gi\u00fap c\u00e2y gi\u1ea3m nguy c\u01a1 b\u1ecb t\u1ea5n c\u00f4ng b\u1edfi c\u00e1c lo\u1ea1i n\u1ea5m g\u00e2y h\u1ea1i.<\/span><\/p>\n<h3 data-section-id=\"1rlelpu\" data-start=\"2317\" data-end=\"2359\"><span style=\"color: #000000; font-family: arial, helvetica, sans-serif;\">Kh\u1eed tr\u00f9ng gi\u00e1 th\u1ec3 v\u00e0 d\u1ee5ng c\u1ee5 tr\u1ed3ng c\u00e2y<\/span><\/h3>\n<p data-start=\"2361\" data-end=\"2694\"><span style=\"color: #000000; font-family: arial, helvetica, sans-serif;\">Dung d\u1ecbch PHYSAN 20SL c\u00f3 th\u1ec3 d\u00f9ng \u0111\u1ec3 l\u00e0m s\u1ea1ch ch\u1eadu tr\u1ed3ng, gi\u00e1 th\u1ec3 ho\u1eb7c c\u00e1c d\u1ee5ng c\u1ee5 l\u00e0m v\u01b0\u1eddn tr\u01b0\u1edbc khi s\u1eed d\u1ee5ng. Vi\u1ec7c kh\u1eed tr\u00f9ng gi\u00fap lo\u1ea1i b\u1ecf c\u00e1c ngu\u1ed3n b\u1ec7nh c\u00f2n t\u1ed3n t\u1ea1i tr\u00ean b\u1ec1 m\u1eb7t v\u1eadt d\u1ee5ng. Nh\u1edd \u0111\u00f3 nguy c\u01a1 l\u00e2y nhi\u1ec5m ch\u00e9o gi\u1eefa c\u00e1c c\u00e2y trong v\u01b0\u1eddn \u0111\u01b0\u1ee3c gi\u1ea3m \u0111\u00e1ng k\u1ec3. \u0110\u00e2y l\u00e0 b\u01b0\u1edbc quan tr\u1ecdng trong quy tr\u00ecnh ch\u0103m s\u00f3c v\u00e0 nh\u00e2n gi\u1ed1ng c\u00e2y tr\u1ed3ng.<\/span><\/p>\n<h3 data-section-id=\"lza81t\" data-start=\"2696\" data-end=\"2752\"><span style=\"color: #000000; font-family: arial, helvetica, sans-serif;\">Gi\u00fap c\u00e2y tr\u1ed3ng ph\u00e1t tri\u1ec3n trong m\u00f4i tr\u01b0\u1eddng s\u1ea1ch b\u1ec7nh<\/span><\/h3>\n<p data-start=\"2754\" data-end=\"3061\"><span style=\"color: #000000; font-family: arial, helvetica, sans-serif;\">Khi m\u1ea7m b\u1ec7nh \u0111\u01b0\u1ee3c ki\u1ec3m so\u00e1t t\u1ed1t, c\u00e2y tr\u1ed3ng c\u00f3 \u0111i\u1ec1u ki\u1ec7n sinh tr\u01b0\u1edfng thu\u1eadn l\u1ee3i h\u01a1n. L\u00e1 c\u00e2y kh\u1ecfe m\u1ea1nh gi\u00fap qu\u00e1 tr\u00ecnh quang h\u1ee3p di\u1ec5n ra hi\u1ec7u qu\u1ea3 v\u00e0 \u1ed5n \u0111\u1ecbnh. \u0110i\u1ec1u n\u00e0y g\u00f3p ph\u1ea7n c\u1ea3i thi\u1ec7n s\u1ee9c s\u1ed1ng t\u1ed5ng th\u1ec3 c\u1ee7a c\u00e2y. Nh\u1edd v\u1eady PHYSAN 20SL kh\u00f4ng ch\u1ec9 gi\u00fap ph\u00f2ng b\u1ec7nh m\u00e0 c\u00f2n h\u1ed7 tr\u1ee3 qu\u00e1 tr\u00ecnh ch\u0103m s\u00f3c c\u00e2y tr\u1ed3ng b\u1ec1n v\u1eefng.<\/span><\/p>\n<h2 data-section-id=\"69br7c\" data-start=\"3068\" data-end=\"3088\"><span style=\"color: #000000; font-family: arial, helvetica, sans-serif;\">H\u01b0\u1edbng d\u1eabn s\u1eed d\u1ee5ng<\/span><\/h2>\n<figure id=\"attachment_1329\" aria-describedby=\"caption-attachment-1329\" style=\"width: 900px\" class=\"wp-caption aligncenter\"><img loading=\"lazy\" decoding=\"async\" class=\"wp-image-1329 size-full\" src=\"http:\/\/vattunongnghiep.store\/wp-content\/uploads\/2026\/03\/cach-dung-physan-20sl-sat-khuan-phong-nam-cay-trong-e1773411092479.jpg\" alt=\"\" width=\"900\" height=\"757\" srcset=\"https:\/\/vattunongnghiep.store\/wp-content\/uploads\/2026\/03\/cach-dung-physan-20sl-sat-khuan-phong-nam-cay-trong-e1773411092479.jpg 900w, https:\/\/vattunongnghiep.store\/wp-content\/uploads\/2026\/03\/cach-dung-physan-20sl-sat-khuan-phong-nam-cay-trong-e1773411092479-300x252.jpg 300w, https:\/\/vattunongnghiep.store\/wp-content\/uploads\/2026\/03\/cach-dung-physan-20sl-sat-khuan-phong-nam-cay-trong-e1773411092479-768x646.jpg 768w, https:\/\/vattunongnghiep.store\/wp-content\/uploads\/2026\/03\/cach-dung-physan-20sl-sat-khuan-phong-nam-cay-trong-e1773411092479-600x505.jpg 600w\" sizes=\"auto, (max-width: 900px) 100vw, 900px\" \/><figcaption id=\"caption-attachment-1329\" class=\"wp-caption-text\"><\/span> <span style=\"color: #000000; font-family: arial, helvetica, sans-serif;\">C\u00e1ch d\u00f9ng Physan 20SL s\u00e1t khu\u1ea9n ph\u00f2ng n\u1ea5m cho c\u00e2y tr\u1ed3ng<\/span><\/figcaption><\/figure>\n<h3 data-section-id=\"huuc86\" data-start=\"3090\" data-end=\"3127\"><span style=\"color: #000000; font-family: arial, helvetica, sans-serif;\">Pha dung d\u1ecbch phun ph\u00f2ng n\u1ea5m b\u1ec7nh<\/span><\/h3>\n<p data-start=\"3129\" data-end=\"3457\"><span style=\"color: #000000; font-family: arial, helvetica, sans-serif;\">Pha PHYSAN 20SL v\u1edbi n\u01b0\u1edbc s\u1ea1ch theo t\u1ef7 l\u1ec7 kho\u1ea3ng 1\u20132 ml cho m\u1ed7i l\u00edt n\u01b0\u1edbc. Sau khi pha c\u1ea7n khu\u1ea5y \u0111\u1ec1u \u0111\u1ec3 dung d\u1ecbch h\u00f2a tan ho\u00e0n to\u00e0n. Ti\u1ebfn h\u00e0nh phun \u0111\u1ec1u l\u00ean to\u00e0n b\u1ed9 b\u1ec1 m\u1eb7t l\u00e1, th\u00e2n c\u00e2y v\u00e0 khu v\u1ef1c g\u1ed1c \u0111\u1ec3 dung d\u1ecbch ti\u1ebfp x\u00fac v\u1edbi m\u1ea7m b\u1ec7nh. Vi\u1ec7c pha \u0111\u00fang n\u1ed3ng \u0111\u1ed9 gi\u00fap s\u1ea3n ph\u1ea9m ph\u00e1t huy hi\u1ec7u qu\u1ea3 s\u00e1t khu\u1ea9n m\u00e0 v\u1eabn \u0111\u1ea3m b\u1ea3o an to\u00e0n cho c\u00e2y.<\/span><\/p>\n<h3 data-section-id=\"1u2fknc\" data-start=\"3459\" data-end=\"3495\"><span style=\"color: #000000; font-family: arial, helvetica, sans-serif;\">Phun \u0111\u1ecbnh k\u1ef3 \u0111\u1ec3 b\u1ea3o v\u1ec7 c\u00e2y tr\u1ed3ng<\/span><\/h3>\n<p data-start=\"3497\" data-end=\"3842\"><span style=\"color: #000000; font-family: arial, helvetica, sans-serif;\">\u0110\u1ec3 ph\u00f2ng ng\u1eeba n\u1ea5m v\u00e0 vi khu\u1ea9n g\u00e2y h\u1ea1i, n\u00ean phun PHYSAN 20SL \u0111\u1ecbnh k\u1ef3 kho\u1ea3ng 7\u201310 ng\u00e0y m\u1ed9t l\u1ea7n. Trong \u0111i\u1ec1u ki\u1ec7n th\u1eddi ti\u1ebft \u1ea9m ho\u1eb7c m\u00f9a m\u01b0a, c\u00f3 th\u1ec3 t\u0103ng t\u1ea7n su\u1ea5t phun \u0111\u1ec3 ki\u1ec3m so\u00e1t m\u1ea7m b\u1ec7nh t\u1ed1t h\u01a1n. N\u00ean phun v\u00e0o bu\u1ed5i s\u00e1ng s\u1edbm ho\u1eb7c chi\u1ec1u m\u00e1t \u0111\u1ec3 dung d\u1ecbch b\u00e1m \u0111\u1ec1u tr\u00ean l\u00e1. C\u00e1ch s\u1eed d\u1ee5ng n\u00e0y gi\u00fap c\u00e2y \u0111\u01b0\u1ee3c b\u1ea3o v\u1ec7 \u1ed5n \u0111\u1ecbnh trong su\u1ed1t qu\u00e1 tr\u00ecnh sinh tr\u01b0\u1edfng.<\/span><\/p>\n<h3 data-section-id=\"1onj4nj\" data-start=\"3844\" data-end=\"3884\"><span style=\"color: #000000; font-family: arial, helvetica, sans-serif;\">S\u1eed d\u1ee5ng \u0111\u1ec3 kh\u1eed tr\u00f9ng ch\u1eadu v\u00e0 gi\u00e1 th\u1ec3<\/span><\/h3>\n<p data-start=\"3886\" data-end=\"4242\"><span style=\"color: #000000; font-family: arial, helvetica, sans-serif;\">Ngo\u00e0i vi\u1ec7c phun tr\u1ef1c ti\u1ebfp l\u00ean c\u00e2y, PHYSAN 20SL c\u00f2n \u0111\u01b0\u1ee3c d\u00f9ng \u0111\u1ec3 kh\u1eed tr\u00f9ng ch\u1eadu tr\u1ed3ng ho\u1eb7c gi\u00e1 th\u1ec3 tr\u01b0\u1edbc khi tr\u1ed3ng c\u00e2y m\u1edbi. Pha dung d\u1ecbch v\u1edbi n\u01b0\u1edbc r\u1ed3i ti\u1ebfn h\u00e0nh ng\u00e2m ho\u1eb7c r\u1eeda s\u1ea1ch b\u1ec1 m\u1eb7t v\u1eadt d\u1ee5ng c\u1ea7n x\u1eed l\u00fd. Sau khi kh\u1eed tr\u00f9ng n\u00ean r\u1eeda l\u1ea1i b\u1eb1ng n\u01b0\u1edbc s\u1ea1ch v\u00e0 \u0111\u1ec3 kh\u00f4 tr\u01b0\u1edbc khi s\u1eed d\u1ee5ng. Ph\u01b0\u01a1ng ph\u00e1p n\u00e0y gi\u00fap h\u1ea1n ch\u1ebf ngu\u1ed3n b\u1ec7nh t\u1ed3n t\u1ea1i trong m\u00f4i tr\u01b0\u1eddng tr\u1ed3ng tr\u1ecdt.<\/span><\/p>\n<h2 data-section-id=\"xhe7pt\" data-start=\"4249\" data-end=\"4257\"><span style=\"color: #000000; font-family: arial, helvetica, sans-serif;\">L\u01b0u \u00fd<\/span><\/h2>\n<h3 data-section-id=\"1l7k2zt\" data-start=\"4259\" data-end=\"4296\"><span style=\"color: #000000; font-family: arial, helvetica, sans-serif;\">Kh\u00f4ng s\u1eed d\u1ee5ng qu\u00e1 li\u1ec1u khuy\u1ebfn c\u00e1o<\/span><\/h3>\n<p data-start=\"4298\" data-end=\"4610\"><span style=\"color: #000000; font-family: arial, helvetica, sans-serif;\">Vi\u1ec7c pha dung d\u1ecbch v\u1edbi n\u1ed3ng \u0111\u1ed9 qu\u00e1 cao c\u00f3 th\u1ec3 g\u00e2y \u1ea3nh h\u01b0\u1edfng \u0111\u1ebfn b\u1ec1 m\u1eb7t l\u00e1 ho\u1eb7c l\u00e0m c\u00e2y b\u1ecb stress. V\u00ec v\u1eady c\u1ea7n tu\u00e2n th\u1ee7 \u0111\u00fang li\u1ec1u l\u01b0\u1ee3ng \u0111\u01b0\u1ee3c h\u01b0\u1edbng d\u1eabn tr\u00ean bao b\u00ec s\u1ea3n ph\u1ea9m. S\u1eed d\u1ee5ng \u0111\u00fang c\u00e1ch gi\u00fap \u0111\u1ea3m b\u1ea3o hi\u1ec7u qu\u1ea3 s\u00e1t khu\u1ea9n v\u00e0 an to\u00e0n cho c\u00e2y tr\u1ed3ng. \u0110\u00e2y l\u00e0 y\u1ebfu t\u1ed1 quan tr\u1ecdng gi\u00fap s\u1ea3n ph\u1ea9m ph\u00e1t huy t\u1ed1i \u0111a c\u00f4ng d\u1ee5ng.<\/span><\/p>\n<h3 data-section-id=\"1jwbqyw\" data-start=\"4612\" data-end=\"4644\"><span style=\"color: #000000; font-family: arial, helvetica, sans-serif;\">Tr\u00e1nh phun khi tr\u1eddi n\u1eafng g\u1eaft<\/span><\/h3>\n<p data-start=\"4646\" data-end=\"4944\"><span style=\"color: #000000; font-family: arial, helvetica, sans-serif;\">Kh\u00f4ng n\u00ean phun PHYSAN 20SL v\u00e0o th\u1eddi \u0111i\u1ec3m n\u1eafng m\u1ea1nh ho\u1eb7c nhi\u1ec7t \u0111\u1ed9 qu\u00e1 cao. \u0110i\u1ec1u ki\u1ec7n n\u00e0y c\u00f3 th\u1ec3 khi\u1ebfn dung d\u1ecbch b\u1ed1c h\u01a1i nhanh v\u00e0 l\u00e0m gi\u1ea3m hi\u1ec7u qu\u1ea3 c\u1ee7a ho\u1ea1t ch\u1ea5t. Ngo\u00e0i ra l\u00e1 c\u00e2y \u0111ang n\u00f3ng c\u00f3 th\u1ec3 d\u1ec5 b\u1ecb t\u1ed5n th\u01b0\u01a1ng khi ti\u1ebfp x\u00fac v\u1edbi dung d\u1ecbch. Th\u1eddi \u0111i\u1ec3m phun ph\u00f9 h\u1ee3p nh\u1ea5t l\u00e0 v\u00e0o s\u00e1ng s\u1edbm ho\u1eb7c chi\u1ec1u m\u00e1t.<\/span><\/p>\n<h3 data-section-id=\"1kumedk\" data-start=\"4946\" data-end=\"4977\"><span style=\"color: #000000; font-family: arial, helvetica, sans-serif;\">B\u1ea3o qu\u1ea3n s\u1ea3n ph\u1ea9m \u0111\u00fang c\u00e1ch<\/span><\/h3>\n<p data-start=\"4979\" data-end=\"5284\" data-is-last-node=\"\" data-is-only-node=\"\"><span style=\"color: #000000; font-family: arial, helvetica, sans-serif;\">Sau khi s\u1eed d\u1ee5ng c\u1ea7n \u0111\u1eady k\u00edn n\u1eafp chai v\u00e0 b\u1ea3o qu\u1ea3n s\u1ea3n ph\u1ea9m \u1edf n\u01a1i kh\u00f4 r\u00e1o, tho\u00e1ng m\u00e1t. Tr\u00e1nh \u0111\u1ec3 dung d\u1ecbch ti\u1ebfp x\u00fac tr\u1ef1c ti\u1ebfp v\u1edbi \u00e1nh n\u1eafng m\u1eb7t tr\u1eddi ho\u1eb7c ngu\u1ed3n nhi\u1ec7t cao. \u0110i\u1ec1u n\u00e0y gi\u00fap gi\u1eef \u1ed5n \u0111\u1ecbnh ch\u1ea5t l\u01b0\u1ee3ng ho\u1ea1t ch\u1ea5t trong s\u1ea3n ph\u1ea9m. \u0110\u1ed3ng th\u1eddi n\u00ean \u0111\u1ec3 s\u1ea3n ph\u1ea9m xa t\u1ea7m tay tr\u1ebb em v\u00e0 v\u1eadt nu\u00f4i \u0111\u1ec3 \u0111\u1ea3m b\u1ea3o an to\u00e0n.<\/span><\/p>\n","protected":false},"excerpt":{"rendered":"<p>Thu\u1ed1c s\u00e1t khu\u1ea9n ph\u00f2ng ng\u1eeba n\u1ea5m cho c\u00e2y tr\u1ed3ng PHYSAN 20SL \u0111\u01b0\u1ee3c nhi\u1ec1u nh\u00e0 v\u01b0\u1eddn tin d\u00f9ng \u0111\u1ec3 gi\u1eef m\u00f4i tr\u01b0\u1eddng tr\u1ed3ng lu\u00f4n s\u1ea1ch khu\u1ea9n v\u00e0 an to\u00e0n cho c\u00e2y. S\u1ea3n ph\u1ea9m gi\u00fap ki\u1ec3m so\u00e1t hi\u1ec7u qu\u1ea3 c\u00e1c lo\u1ea1i n\u1ea5m v\u00e0 vi khu\u1ea9n g\u00e2y h\u1ea1i th\u01b0\u1eddng xu\u1ea5t hi\u1ec7n tr\u00ean l\u00e1, th\u00e2n v\u00e0 b\u1ec1 m\u1eb7t gi\u00e1 [&#8230;]\n","protected":false},"featured_media":1332,"comment_status":"open","ping_status":"closed","template":"","meta":[],"product_brand":[],"product_cat":[59],"product_tag":[],"class_list":{"0":"post-1328","1":"product","2":"type-product","3":"status-publish","4":"has-post-thumbnail","6":"product_cat-thuoc-dac-tri-benh-cho-lan","8":"first","9":"instock","10":"shipping-taxable","11":"purchasable","12":"product-type-simple"},"jetpack_sharing_enabled":true,"_links":{"self":[{"href":"https:\/\/vattunongnghiep.store\/index.php\/wp-json\/wp\/v2\/product\/1328","targetHints":{"allow":["GET"]}}],"collection":[{"href":"https:\/\/vattunongnghiep.store\/index.php\/wp-json\/wp\/v2\/product"}],"about":[{"href":"https:\/\/vattunongnghiep.store\/index.php\/wp-json\/wp\/v2\/types\/product"}],"replies":[{"embeddable":true,"href":"https:\/\/vattunongnghiep.store\/index.php\/wp-json\/wp\/v2\/comments?post=1328"}],"wp:featuredmedia":[{"embeddable":true,"href":"https:\/\/vattunongnghiep.store\/index.php\/wp-json\/wp\/v2\/media\/1332"}],"wp:attachment":[{"href":"https:\/\/vattunongnghiep.store\/index.php\/wp-json\/wp\/v2\/media?parent=1328"}],"wp:term":[{"taxonomy":"product_brand","embeddable":true,"href":"https:\/\/vattunongnghiep.store\/index.php\/wp-json\/wp\/v2\/product_brand?post=1328"},{"taxonomy":"product_cat","embeddable":true,"href":"https:\/\/vattunongnghiep.store\/index.php\/wp-json\/wp\/v2\/product_cat?post=1328"},{"taxonomy":"product_tag","embeddable":true,"href":"https:\/\/vattunongnghiep.store\/index.php\/wp-json\/wp\/v2\/product_tag?post=1328"}],"curies":[{"name":"wp","href":"https:\/\/api.w.org\/{rel}","templated":true}]}}