{"id":1322,"date":"2026-03-13T13:36:34","date_gmt":"2026-03-13T13:36:34","guid":{"rendered":"https:\/\/vattunongnghiep.store\/?post_type=product&#038;p=1322"},"modified":"2026-03-13T13:36:35","modified_gmt":"2026-03-13T13:36:35","slug":"thuoc-tri-run-run-captan-thai-lan-50g","status":"publish","type":"product","link":"https:\/\/vattunongnghiep.store\/index.php\/san-pham\/thuoc-tri-run-run-captan-thai-lan-50g\/","title":{"rendered":"Thu\u1ed1c tr\u1ecb run run Captan Th\u00e1i Lan 50g \u2013 X\u1eed l\u00fd n\u1ea5m b\u1ec7nh run run tr\u00ean lan v\u00e0 phong lan hi\u1ec7u qu\u1ea3"},"content":{"rendered":"<p><span style=\"color: #000000; font-family: arial, helvetica, sans-serif;\"><strong data-start=\"0\" data-end=\"37\" data-is-only-node=\"\">Thu\u1ed1c tr\u1ecb run run Captan Th\u00e1i Lan<\/strong> l\u00e0 s\u1ea3n ph\u1ea9m chuy\u00ean d\u1ee5ng gi\u00fap x\u1eed l\u00fd hi\u1ec7u qu\u1ea3 c\u00e1c b\u1ec7nh n\u1ea5m g\u00e2y hi\u1ec7n t\u01b0\u1ee3ng run l\u00e1, l\u00e0m c\u00e2y sinh tr\u01b0\u1edfng k\u00e9m v\u00e0 d\u1ec5 suy y\u1ebfu. V\u1edbi ho\u1ea1t ch\u1ea5t Captan c\u00f3 kh\u1ea3 n\u0103ng \u1ee9c ch\u1ebf m\u1ea1nh s\u1ef1 ph\u00e1t tri\u1ec3n c\u1ee7a b\u00e0o t\u1eed n\u1ea5m, s\u1ea3n ph\u1ea9m gi\u00fap b\u1ea3o v\u1ec7 b\u1ec1 m\u1eb7t l\u00e1 v\u00e0 h\u1ea1n ch\u1ebf m\u1ea7m b\u1ec7nh l\u00e2y lan tr\u00ean c\u00e2y tr\u1ed3ng. Khi \u0111\u01b0\u1ee3c \u00e1p d\u1ee5ng \u0111\u00fang k\u1ef9 thu\u1eadt, thu\u1ed1c g\u00f3p ph\u1ea7n gi\u00fap c\u00e2y nhanh ch\u00f3ng ph\u1ee5c h\u1ed3i, l\u00e1 c\u1ee9ng c\u00e1p v\u00e0 duy tr\u00ec s\u1ee9c s\u1ed1ng \u1ed5n \u0111\u1ecbnh. C\u00f4ng th\u1ee9c d\u1ec5 h\u00f2a tan, thu\u1eadn ti\u1ec7n s\u1eed d\u1ee5ng cho nhi\u1ec1u lo\u1ea1i c\u00e2y nh\u01b0 hoa lan, c\u00e2y c\u1ea3nh, rau m\u00e0u v\u00e0 c\u00e2y \u0103n tr\u00e1i. Nh\u1edd c\u01a1 ch\u1ebf b\u1ea3o v\u1ec7 hi\u1ec7u qu\u1ea3, s\u1ea3n ph\u1ea9m h\u1ed7 tr\u1ee3 duy tr\u00ec v\u01b0\u1eddn c\u00e2y xanh kh\u1ecfe v\u00e0 h\u1ea1n ch\u1ebf r\u1ee7i ro do n\u1ea5m b\u1ec7nh g\u00e2y ra.<\/span><\/p>\n<h2 data-section-id=\"nae26\" data-start=\"646\" data-end=\"665\"><span style=\"color: #000000; font-family: arial, helvetica, sans-serif;\">Th\u00e0nh ph\u1ea7n ch\u00ednh<\/span><\/h2>\n<figure id=\"attachment_1324\" aria-describedby=\"caption-attachment-1324\" style=\"width: 768px\" class=\"wp-caption aligncenter\"><img loading=\"lazy\" decoding=\"async\" class=\"wp-image-1324 size-full\" src=\"http:\/\/vattunongnghiep.store\/wp-content\/uploads\/2026\/03\/thanh-phan-thuoc-tri-run-run-captan-thai-lan-e1773408539640.jpg\" alt=\"\" width=\"768\" height=\"698\" srcset=\"https:\/\/vattunongnghiep.store\/wp-content\/uploads\/2026\/03\/thanh-phan-thuoc-tri-run-run-captan-thai-lan-e1773408539640.jpg 768w, https:\/\/vattunongnghiep.store\/wp-content\/uploads\/2026\/03\/thanh-phan-thuoc-tri-run-run-captan-thai-lan-e1773408539640-300x273.jpg 300w, https:\/\/vattunongnghiep.store\/wp-content\/uploads\/2026\/03\/thanh-phan-thuoc-tri-run-run-captan-thai-lan-e1773408539640-600x545.jpg 600w\" sizes=\"auto, (max-width: 768px) 100vw, 768px\" \/><figcaption id=\"caption-attachment-1324\" class=\"wp-caption-text\"><\/span> <span style=\"color: #000000; font-family: arial, helvetica, sans-serif;\">Th\u00e0nh ph\u1ea7n thu\u1ed1c tr\u1ecb run run Captan Th\u00e1i Lan<\/span><\/figcaption><\/figure>\n<h3 data-section-id=\"1qb68ud\" data-start=\"667\" data-end=\"708\"><span style=\"color: #000000; font-family: arial, helvetica, sans-serif;\">Ho\u1ea1t ch\u1ea5t Captan kh\u00e1ng n\u1ea5m ph\u1ed5 r\u1ed9ng<\/span><\/h3>\n<p data-start=\"709\" data-end=\"1175\"><span style=\"color: #000000; font-family: arial, helvetica, sans-serif;\">Captan l\u00e0 th\u00e0nh ph\u1ea7n ch\u00ednh trong thu\u1ed1c tr\u1ecb run run Captan Th\u00e1i Lan v\u1edbi kh\u1ea3 n\u0103ng ti\u00eau di\u1ec7t v\u00e0 \u1ee9c ch\u1ebf nhi\u1ec1u lo\u1ea1i n\u1ea5m g\u00e2y h\u1ea1i tr\u00ean c\u00e2y tr\u1ed3ng. Khi ti\u1ebfp x\u00fac v\u1edbi b\u1ec1 m\u1eb7t l\u00e1 ho\u1eb7c th\u00e2n c\u00e2y, ho\u1ea1t ch\u1ea5t n\u00e0y nhanh ch\u00f3ng ph\u00e1 v\u1ee1 qu\u00e1 tr\u00ecnh ph\u00e1t tri\u1ec3n c\u1ee7a b\u00e0o t\u1eed n\u1ea5m. <\/span><\/p>\n<p data-start=\"709\" data-end=\"1175\"><span style=\"color: #000000; font-family: arial, helvetica, sans-serif;\">Nh\u1edd c\u01a1 ch\u1ebf t\u00e1c \u0111\u1ed9ng ti\u1ebfp x\u00fac m\u1ea1nh, Captan gi\u00fap ki\u1ec3m so\u00e1t hi\u1ec7u qu\u1ea3 c\u00e1c b\u1ec7nh th\u01b0\u1eddng g\u1eb7p tr\u00ean lan nh\u01b0 th\u1ed1i nh\u0169n, \u0111\u1ed1m l\u00e1 v\u00e0 n\u1ea5m g\u00e2y th\u1ed1i m\u00f4. \u0110i\u1ec1u n\u00e0y gi\u00fap c\u00e2y duy tr\u00ec b\u1ed9 l\u00e1 kh\u1ecfe v\u00e0 gi\u1ea3m nguy c\u01a1 b\u1ec7nh lan r\u1ed9ng trong v\u01b0\u1eddn.<\/span><\/p>\n<h3 data-section-id=\"o0kgy4\" data-start=\"1177\" data-end=\"1230\"><span style=\"color: #000000; font-family: arial, helvetica, sans-serif;\">Ph\u1ee5 gia gi\u00fap thu\u1ed1c b\u00e1m d\u00ednh t\u1ed1t tr\u00ean b\u1ec1 m\u1eb7t c\u00e2y<\/span><\/h3>\n<p data-start=\"1231\" data-end=\"1652\"><span style=\"color: #000000; font-family: arial, helvetica, sans-serif;\">Ngo\u00e0i ho\u1ea1t ch\u1ea5t ch\u00ednh, thu\u1ed1c c\u00f2n \u0111\u01b0\u1ee3c b\u1ed5 sung c\u00e1c ph\u1ee5 gia gi\u00fap t\u0103ng kh\u1ea3 n\u0103ng b\u00e1m d\u00ednh tr\u00ean l\u00e1 v\u00e0 th\u00e2n c\u00e2y. Nh\u1eefng th\u00e0nh ph\u1ea7n n\u00e0y h\u1ed7 tr\u1ee3 dung d\u1ecbch thu\u1ed1c ph\u00e2n t\u00e1n \u0111\u1ec1u khi pha v\u1edbi n\u01b0\u1edbc, gi\u00fap l\u1edbp thu\u1ed1c ph\u1ee7 k\u00edn b\u1ec1 m\u1eb7t c\u1ea7n b\u1ea3o v\u1ec7.<\/span><\/p>\n<p data-start=\"1231\" data-end=\"1652\"><span style=\"color: #000000; font-family: arial, helvetica, sans-serif;\"> Nh\u1edd v\u1eady hi\u1ec7u qu\u1ea3 ph\u00f2ng tr\u1eeb n\u1ea5m \u0111\u01b0\u1ee3c duy tr\u00ec \u1ed5n \u0111\u1ecbnh v\u00e0 h\u1ea1n ch\u1ebf t\u00ecnh tr\u1ea1ng thu\u1ed1c b\u1ecb r\u1eeda tr\u00f4i khi g\u1eb7p m\u01b0a ho\u1eb7c t\u01b0\u1edbi n\u01b0\u1edbc. \u0110\u00e2y l\u00e0 y\u1ebfu t\u1ed1 quan tr\u1ecdng gi\u00fap thu\u1ed1c ph\u00e1t huy hi\u1ec7u qu\u1ea3 l\u00e2u d\u00e0i trong v\u01b0\u1eddn lan.<\/span><\/p>\n<h3 data-section-id=\"1h277fc\" data-start=\"1654\" data-end=\"1695\"><span style=\"color: #000000; font-family: arial, helvetica, sans-serif;\">Th\u00e0nh ph\u1ea7n h\u1ed7 tr\u1ee3 \u1ed5n \u0111\u1ecbnh ho\u1ea1t ch\u1ea5t<\/span><\/h3>\n<p data-start=\"1696\" data-end=\"2061\"><span style=\"color: #000000; font-family: arial, helvetica, sans-serif;\">M\u1ed9t s\u1ed1 ch\u1ea5t \u1ed5n \u0111\u1ecbnh \u0111\u01b0\u1ee3c th\u00eam v\u00e0o c\u00f4ng th\u1ee9c nh\u1eb1m duy tr\u00ec hi\u1ec7u l\u1ef1c c\u1ee7a Captan trong qu\u00e1 tr\u00ecnh b\u1ea3o qu\u1ea3n v\u00e0 s\u1eed d\u1ee5ng. Nh\u1eefng th\u00e0nh ph\u1ea7n n\u00e0y gi\u00fap ho\u1ea1t ch\u1ea5t kh\u00f4ng b\u1ecb ph\u00e2n h\u1ee7y nhanh khi pha n\u01b0\u1edbc ho\u1eb7c khi ti\u1ebfp x\u00fac v\u1edbi m\u00f4i tr\u01b0\u1eddng b\u00ean ngo\u00e0i. Nh\u1edd \u0111\u00f3 thu\u1ed1c v\u1eabn gi\u1eef \u0111\u01b0\u1ee3c kh\u1ea3 n\u0103ng ph\u00f2ng tr\u1eeb n\u1ea5m b\u1ec7nh \u1ed5n \u0111\u1ecbnh sau khi phun. \u0110i\u1ec1u n\u00e0y g\u00f3p ph\u1ea7n n\u00e2ng cao hi\u1ec7u qu\u1ea3 s\u1eed d\u1ee5ng trong th\u1ef1c t\u1ebf.<\/span><\/p>\n<h2 data-section-id=\"6m7noz\" data-start=\"2068\" data-end=\"2080\"><span style=\"color: #000000; font-family: arial, helvetica, sans-serif;\">C\u00f4ng d\u1ee5ng<\/span><\/h2>\n<h3 data-section-id=\"j01kx4\" data-start=\"2082\" data-end=\"2123\"><span style=\"color: #000000; font-family: arial, helvetica, sans-serif;\">\u0110\u1eb7c tr\u1ecb hi\u1ec7n t\u01b0\u1ee3ng run run tr\u00ean lan<\/span><\/h3>\n<p data-start=\"2124\" data-end=\"2516\"><span style=\"color: #000000; font-family: arial, helvetica, sans-serif;\">Thu\u1ed1c Captan Th\u00e1i Lan \u0111\u01b0\u1ee3c nhi\u1ec1u ng\u01b0\u1eddi tr\u1ed3ng lan s\u1eed d\u1ee5ng \u0111\u1ec3 x\u1eed l\u00fd t\u00ecnh tr\u1ea1ng run run \u2013 bi\u1ec3u hi\u1ec7n c\u00e2y suy y\u1ebfu, l\u00e1 m\u1ec1m v\u00e0 d\u1ec5 nhi\u1ec5m n\u1ea5m. Khi phun l\u00ean c\u00e2y, thu\u1ed1c gi\u00fap ki\u1ec3m so\u00e1t n\u1ea5m g\u00e2y b\u1ec7nh v\u00e0 ng\u0103n ch\u1eb7n s\u1ef1 ph\u00e1t tri\u1ec3n c\u1ee7a m\u1ea7m b\u1ec7nh tr\u00ean b\u1ec1 m\u1eb7t l\u00e1. Nh\u1edd \u0111\u00f3 c\u00e2y lan c\u00f3 \u0111i\u1ec1u ki\u1ec7n ph\u1ee5c h\u1ed3i d\u1ea7n v\u00e0 duy tr\u00ec s\u1ee9c s\u1ed1ng \u1ed5n \u0111\u1ecbnh. Vi\u1ec7c x\u1eed l\u00fd k\u1ecbp th\u1eddi gi\u00fap h\u1ea1n ch\u1ebf t\u00ecnh tr\u1ea1ng b\u1ec7nh l\u00e2y lan sang c\u00e1c ch\u1eadu lan kh\u00e1c.<\/span><\/p>\n<figure id=\"attachment_1327\" aria-describedby=\"caption-attachment-1327\" style=\"width: 768px\" class=\"wp-caption aligncenter\"><img loading=\"lazy\" decoding=\"async\" class=\"wp-image-1327 size-full\" src=\"http:\/\/vattunongnghiep.store\/wp-content\/uploads\/2026\/03\/cong-dung-thuoc-tri-run-run-captan-thai-lan-e1773408710396.jpg\" alt=\"\" width=\"768\" height=\"710\" srcset=\"https:\/\/vattunongnghiep.store\/wp-content\/uploads\/2026\/03\/cong-dung-thuoc-tri-run-run-captan-thai-lan-e1773408710396.jpg 768w, https:\/\/vattunongnghiep.store\/wp-content\/uploads\/2026\/03\/cong-dung-thuoc-tri-run-run-captan-thai-lan-e1773408710396-300x277.jpg 300w, https:\/\/vattunongnghiep.store\/wp-content\/uploads\/2026\/03\/cong-dung-thuoc-tri-run-run-captan-thai-lan-e1773408710396-600x555.jpg 600w\" sizes=\"auto, (max-width: 768px) 100vw, 768px\" \/><figcaption id=\"caption-attachment-1327\" class=\"wp-caption-text\"><\/span> <span style=\"color: #000000; font-family: arial, helvetica, sans-serif;\">C\u00f4ng d\u1ee5ng thu\u1ed1c tr\u1ecb run run Captan Th\u00e1i Lan<\/span><\/figcaption><\/figure>\n<h3 data-section-id=\"17bpfxt\" data-start=\"2518\" data-end=\"2560\"><span style=\"color: #000000; font-family: arial, helvetica, sans-serif;\">H\u1ea1n ch\u1ebf b\u1ec7nh th\u1ed1i nh\u0169n do n\u1ea5m g\u00e2y ra<\/span><\/h3>\n<p data-start=\"2561\" data-end=\"2912\"><span style=\"color: #000000; font-family: arial, helvetica, sans-serif;\">B\u1ec7nh th\u1ed1i nh\u0169n th\u01b0\u1eddng xu\u1ea5t hi\u1ec7n khi \u0111\u1ed9 \u1ea9m cao v\u00e0 m\u00f4i tr\u01b0\u1eddng v\u01b0\u1eddn thi\u1ebfu th\u00f4ng tho\u00e1ng. Captan Th\u00e1i Lan gi\u00fap ti\u00eau di\u1ec7t n\u1ea5m g\u00e2y b\u1ec7nh tr\u00ean b\u1ec1 m\u1eb7t l\u00e1 v\u00e0 th\u00e2n c\u00e2y tr\u01b0\u1edbc khi ch\u00fang x\u00e2m nh\u1eadp s\u00e2u v\u00e0o m\u00f4 th\u1ef1c v\u1eadt. Nh\u1edd kh\u1ea3 n\u0103ng kh\u00e1ng n\u1ea5m m\u1ea1nh, thu\u1ed1c gi\u00fap l\u00e0m ch\u1eadm qu\u00e1 tr\u00ecnh l\u00e2y lan c\u1ee7a b\u1ec7nh. \u0110i\u1ec1u n\u00e0y g\u00f3p ph\u1ea7n b\u1ea3o v\u1ec7 c\u00e2y lan v\u00e0 gi\u1eef cho v\u01b0\u1eddn lan ph\u00e1t tri\u1ec3n \u1ed5n \u0111\u1ecbnh.<\/span><\/p>\n<h3 data-section-id=\"1qcgkoj\" data-start=\"2914\" data-end=\"2967\"><span style=\"color: #000000; font-family: arial, helvetica, sans-serif;\">Ph\u00f2ng ng\u1eeba c\u00e1c b\u1ec7nh n\u1ea5m ph\u1ed5 bi\u1ebfn tr\u00ean c\u00e2y tr\u1ed3ng<\/span><\/h3>\n<p data-start=\"2968\" data-end=\"3316\"><span style=\"color: #000000; font-family: arial, helvetica, sans-serif;\">Kh\u00f4ng ch\u1ec9 d\u00f9ng khi c\u00e2y \u0111\u00e3 nhi\u1ec5m b\u1ec7nh, thu\u1ed1c Captan Th\u00e1i Lan c\u00f2n \u0111\u01b0\u1ee3c s\u1eed d\u1ee5ng \u0111\u1ec3 ph\u00f2ng ng\u1eeba n\u1ea5m b\u1ec7nh \u0111\u1ecbnh k\u1ef3. Khi phun l\u00ean c\u00e2y, thu\u1ed1c t\u1ea1o l\u1edbp b\u1ea3o v\u1ec7 gi\u00fap ng\u0103n ch\u1eb7n b\u00e0o t\u1eed n\u1ea5m ph\u00e1t tri\u1ec3n trong \u0111i\u1ec1u ki\u1ec7n th\u1eddi ti\u1ebft \u1ea9m. Vi\u1ec7c ph\u00f2ng b\u1ec7nh s\u1edbm gi\u00fap gi\u1ea3m nguy c\u01a1 b\u00f9ng ph\u00e1t d\u1ecbch b\u1ec7nh trong v\u01b0\u1eddn. Nh\u1edd v\u1eady c\u00e2y lu\u00f4n duy tr\u00ec \u0111\u01b0\u1ee3c tr\u1ea1ng th\u00e1i sinh tr\u01b0\u1edfng kh\u1ecfe m\u1ea1nh.<\/span><\/p>\n<h3 data-section-id=\"1xrvc77\" data-start=\"3318\" data-end=\"3373\"><span style=\"color: #000000; font-family: arial, helvetica, sans-serif;\">B\u1ea3o v\u1ec7 c\u00e2y trong giai \u0111o\u1ea1n sinh tr\u01b0\u1edfng quan tr\u1ecdng<\/span><\/h3>\n<p data-start=\"3374\" data-end=\"3691\"><span style=\"color: #000000; font-family: arial, helvetica, sans-serif;\">Trong th\u1eddi k\u1ef3 c\u00e2y ra r\u1ec5 m\u1edbi, ph\u00e1t tri\u1ec3n l\u00e1 ho\u1eb7c chu\u1ea9n b\u1ecb ra hoa, c\u00e2y th\u01b0\u1eddng nh\u1ea1y c\u1ea3m v\u1edbi n\u1ea5m b\u1ec7nh. Vi\u1ec7c s\u1eed d\u1ee5ng Captan Th\u00e1i Lan gi\u00fap gi\u1ea3m nguy c\u01a1 n\u1ea5m t\u1ea5n c\u00f4ng trong nh\u1eefng giai \u0111o\u1ea1n n\u00e0y. Thu\u1ed1c h\u1ed7 tr\u1ee3 duy tr\u00ec m\u00f4i tr\u01b0\u1eddng an to\u00e0n cho c\u00e2y ph\u00e1t tri\u1ec3n \u1ed5n \u0111\u1ecbnh. \u0110i\u1ec1u n\u00e0y \u0111\u1eb7c bi\u1ec7t h\u1eefu \u00edch \u0111\u1ed1i v\u1edbi v\u01b0\u1eddn lan c\u00f3 m\u1eadt \u0111\u1ed9 tr\u1ed3ng cao.<\/span><\/p>\n<h2 data-section-id=\"1gmcjn9\" data-start=\"3698\" data-end=\"3746\"><span style=\"color: #000000; font-family: arial, helvetica, sans-serif;\">C\u00e1ch d\u00f9ng thu\u1ed1c tr\u1ecb th\u1ed1i nh\u0169n Captan Th\u00e1i Lan<\/span><\/h2>\n<h3 data-section-id=\"kq52ci\" data-start=\"3748\" data-end=\"3792\"><span style=\"color: #000000; font-family: arial, helvetica, sans-serif;\">Pha thu\u1ed1c \u0111\u00fang t\u1ec9 l\u1ec7 tr\u01b0\u1edbc khi s\u1eed d\u1ee5ng<\/span><\/h3>\n<p data-start=\"3793\" data-end=\"4112\"><span style=\"color: #000000; font-family: arial, helvetica, sans-serif;\">Tr\u01b0\u1edbc khi phun, ng\u01b0\u1eddi tr\u1ed3ng c\u1ea7n h\u00f2a l\u01b0\u1ee3ng thu\u1ed1c Captan Th\u00e1i Lan theo \u0111\u00fang h\u01b0\u1edbng d\u1eabn \u0111\u1ec3 \u0111\u1ea1t hi\u1ec7u qu\u1ea3 t\u1ed1t nh\u1ea5t. Thu\u1ed1c n\u00ean \u0111\u01b0\u1ee3c khu\u1ea5y \u0111\u1ec1u trong n\u01b0\u1edbc \u0111\u1ec3 ho\u1ea1t ch\u1ea5t ph\u00e2n t\u00e1n ho\u00e0n to\u00e0n. Vi\u1ec7c pha \u0111\u00fang t\u1ec9 l\u1ec7 gi\u00fap thu\u1ed1c ph\u00e1t huy t\u1ed1i \u0111a kh\u1ea3 n\u0103ng ph\u00f2ng tr\u1eeb n\u1ea5m b\u1ec7nh. \u0110\u1ed3ng th\u1eddi c\u0169ng gi\u00fap h\u1ea1n ch\u1ebf nguy c\u01a1 g\u00e2y \u1ea3nh h\u01b0\u1edfng \u0111\u1ebfn c\u00e2y tr\u1ed3ng.<\/span><\/p>\n<figure id=\"attachment_1326\" aria-describedby=\"caption-attachment-1326\" style=\"width: 768px\" class=\"wp-caption aligncenter\"><img loading=\"lazy\" decoding=\"async\" class=\"wp-image-1326 size-full\" src=\"http:\/\/vattunongnghiep.store\/wp-content\/uploads\/2026\/03\/cac-dung-thuoc-tri-run-run-captan-thai-lan-e1773408602370.jpg\" alt=\"\" width=\"768\" height=\"691\" srcset=\"https:\/\/vattunongnghiep.store\/wp-content\/uploads\/2026\/03\/cac-dung-thuoc-tri-run-run-captan-thai-lan-e1773408602370.jpg 768w, https:\/\/vattunongnghiep.store\/wp-content\/uploads\/2026\/03\/cac-dung-thuoc-tri-run-run-captan-thai-lan-e1773408602370-300x270.jpg 300w, https:\/\/vattunongnghiep.store\/wp-content\/uploads\/2026\/03\/cac-dung-thuoc-tri-run-run-captan-thai-lan-e1773408602370-600x540.jpg 600w\" sizes=\"auto, (max-width: 768px) 100vw, 768px\" \/><figcaption id=\"caption-attachment-1326\" class=\"wp-caption-text\"><\/span> <span style=\"color: #000000; font-family: arial, helvetica, sans-serif;\">C\u00e1ch d\u00f9ng thu\u1ed1c tr\u1ecb run run Captan Th\u00e1i Lan<\/span><\/figcaption><\/figure>\n<h3 data-section-id=\"1qd2luw\" data-start=\"4114\" data-end=\"4156\"><span style=\"color: #000000; font-family: arial, helvetica, sans-serif;\">Phun \u0111\u1ec1u l\u00ean l\u00e1, th\u00e2n v\u00e0 khu v\u1ef1c g\u1ed1c<\/span><\/h3>\n<p data-start=\"4157\" data-end=\"4449\"><span style=\"color: #000000; font-family: arial, helvetica, sans-serif;\">Khi s\u1eed d\u1ee5ng thu\u1ed1c, n\u00ean phun dung d\u1ecbch ph\u1ee7 \u0111\u1ec1u b\u1ec1 m\u1eb7t l\u00e1, th\u00e2n c\u00e2y v\u00e0 khu v\u1ef1c gi\u00e1 th\u1ec3 quanh g\u1ed1c. \u0110\u00e2y l\u00e0 nh\u1eefng v\u1ecb tr\u00ed th\u01b0\u1eddng xu\u1ea5t hi\u1ec7n n\u1ea5m b\u1ec7nh n\u00ean c\u1ea7n \u0111\u01b0\u1ee3c x\u1eed l\u00fd k\u1ef9. L\u1edbp thu\u1ed1c b\u00e1m tr\u00ean b\u1ec1 m\u1eb7t c\u00e2y s\u1ebd gi\u00fap ng\u0103n ch\u1eb7n b\u00e0o t\u1eed n\u1ea5m ph\u00e1t tri\u1ec3n. Nh\u1edd v\u1eady hi\u1ec7u qu\u1ea3 ph\u00f2ng v\u00e0 tr\u1ecb b\u1ec7nh \u0111\u01b0\u1ee3c n\u00e2ng cao r\u00f5 r\u1ec7t.<\/span><\/p>\n<h3 data-section-id=\"dtyx6i\" data-start=\"4451\" data-end=\"4485\"><span style=\"color: #000000; font-family: arial, helvetica, sans-serif;\">Th\u1eddi \u0111i\u1ec3m phun thu\u1ed1c ph\u00f9 h\u1ee3p<\/span><\/h3>\n<p data-start=\"4486\" data-end=\"4775\"><span style=\"color: #000000; font-family: arial, helvetica, sans-serif;\">Th\u1eddi gian th\u00edch h\u1ee3p \u0111\u1ec3 phun Captan Th\u00e1i Lan l\u00e0 v\u00e0o bu\u1ed5i s\u00e1ng s\u1edbm ho\u1eb7c chi\u1ec1u m\u00e1t khi nhi\u1ec7t \u0111\u1ed9 kh\u00f4ng qu\u00e1 cao. Trong \u0111i\u1ec1u ki\u1ec7n n\u00e0y, thu\u1ed1c b\u00e1m t\u1ed1t h\u01a1n v\u00e0 gi\u1ea3m t\u00ecnh tr\u1ea1ng bay h\u01a1i nhanh. \u0110\u1ed3ng th\u1eddi c\u00e2y c\u0169ng d\u1ec5 th\u00edch nghi v\u1edbi qu\u00e1 tr\u00ecnh phun thu\u1ed1c h\u01a1n. \u0110i\u1ec1u n\u00e0y gi\u00fap t\u0103ng hi\u1ec7u qu\u1ea3 b\u1ea3o v\u1ec7 c\u00e2y tr\u1ed3ng.<\/span><\/p>\n<h3 data-section-id=\"rkq8ox\" data-start=\"4777\" data-end=\"4822\"><span style=\"color: #000000; font-family: arial, helvetica, sans-serif;\">Phun \u0111\u1ecbnh k\u1ef3 \u0111\u1ec3 ph\u00f2ng b\u1ec7nh cho v\u01b0\u1eddn lan<\/span><\/h3>\n<p data-start=\"4823\" data-end=\"5167\" data-is-last-node=\"\" data-is-only-node=\"\"><span style=\"color: #000000; font-family: arial, helvetica, sans-serif;\">\u0110\u1ed1i v\u1edbi v\u01b0\u1eddn lan th\u01b0\u1eddng xuy\u00ean xu\u1ea5t hi\u1ec7n n\u1ea5m b\u1ec7nh, n\u00ean phun thu\u1ed1c \u0111\u1ecbnh k\u1ef3 \u0111\u1ec3 duy tr\u00ec kh\u1ea3 n\u0103ng b\u1ea3o v\u1ec7. Vi\u1ec7c ph\u00f2ng b\u1ec7nh ch\u1ee7 \u0111\u1ed9ng gi\u00fap ki\u1ec3m so\u00e1t m\u1ea7m b\u1ec7nh ngay t\u1eeb giai \u0111o\u1ea1n \u0111\u1ea7u. Khi k\u1ebft h\u1ee3p c\u00f9ng vi\u1ec7c gi\u1eef v\u01b0\u1eddn th\u00f4ng tho\u00e1ng v\u00e0 ch\u0103m s\u00f3c \u0111\u00fang c\u00e1ch, hi\u1ec7u qu\u1ea3 ph\u00f2ng tr\u1eeb n\u1ea5m s\u1ebd \u0111\u01b0\u1ee3c n\u00e2ng cao. Nh\u1edd v\u1eady c\u00e2y lan ph\u00e1t tri\u1ec3n kh\u1ecfe m\u1ea1nh v\u00e0 \u00edt g\u1eb7p r\u1ee7i ro b\u1ec7nh h\u1ea1i.<\/span><\/p>\n","protected":false},"excerpt":{"rendered":"<p>Thu\u1ed1c tr\u1ecb run run Captan Th\u00e1i Lan l\u00e0 s\u1ea3n ph\u1ea9m chuy\u00ean d\u1ee5ng gi\u00fap x\u1eed l\u00fd hi\u1ec7u qu\u1ea3 c\u00e1c b\u1ec7nh n\u1ea5m g\u00e2y hi\u1ec7n t\u01b0\u1ee3ng run l\u00e1, l\u00e0m c\u00e2y sinh tr\u01b0\u1edfng k\u00e9m v\u00e0 d\u1ec5 suy y\u1ebfu. V\u1edbi ho\u1ea1t ch\u1ea5t Captan c\u00f3 kh\u1ea3 n\u0103ng \u1ee9c ch\u1ebf m\u1ea1nh s\u1ef1 ph\u00e1t tri\u1ec3n c\u1ee7a b\u00e0o t\u1eed n\u1ea5m, s\u1ea3n ph\u1ea9m gi\u00fap b\u1ea3o [&#8230;]\n","protected":false},"featured_media":1323,"comment_status":"open","ping_status":"closed","template":"","meta":[],"product_brand":[],"product_cat":[59],"product_tag":[],"class_list":{"0":"post-1322","1":"product","2":"type-product","3":"status-publish","4":"has-post-thumbnail","6":"product_cat-thuoc-dac-tri-benh-cho-lan","8":"first","9":"instock","10":"shipping-taxable","11":"purchasable","12":"product-type-simple"},"jetpack_sharing_enabled":true,"_links":{"self":[{"href":"https:\/\/vattunongnghiep.store\/index.php\/wp-json\/wp\/v2\/product\/1322","targetHints":{"allow":["GET"]}}],"collection":[{"href":"https:\/\/vattunongnghiep.store\/index.php\/wp-json\/wp\/v2\/product"}],"about":[{"href":"https:\/\/vattunongnghiep.store\/index.php\/wp-json\/wp\/v2\/types\/product"}],"replies":[{"embeddable":true,"href":"https:\/\/vattunongnghiep.store\/index.php\/wp-json\/wp\/v2\/comments?post=1322"}],"wp:featuredmedia":[{"embeddable":true,"href":"https:\/\/vattunongnghiep.store\/index.php\/wp-json\/wp\/v2\/media\/1323"}],"wp:attachment":[{"href":"https:\/\/vattunongnghiep.store\/index.php\/wp-json\/wp\/v2\/media?parent=1322"}],"wp:term":[{"taxonomy":"product_brand","embeddable":true,"href":"https:\/\/vattunongnghiep.store\/index.php\/wp-json\/wp\/v2\/product_brand?post=1322"},{"taxonomy":"product_cat","embeddable":true,"href":"https:\/\/vattunongnghiep.store\/index.php\/wp-json\/wp\/v2\/product_cat?post=1322"},{"taxonomy":"product_tag","embeddable":true,"href":"https:\/\/vattunongnghiep.store\/index.php\/wp-json\/wp\/v2\/product_tag?post=1322"}],"curies":[{"name":"wp","href":"https:\/\/api.w.org\/{rel}","templated":true}]}}