{"id":1314,"date":"2026-03-13T12:35:18","date_gmt":"2026-03-13T12:35:18","guid":{"rendered":"https:\/\/vattunongnghiep.store\/?post_type=product&#038;p=1314"},"modified":"2026-03-13T12:35:18","modified_gmt":"2026-03-13T12:35:18","slug":"keiki-duy-xanh-spray-lo-15ml","status":"publish","type":"product","link":"https:\/\/vattunongnghiep.store\/index.php\/san-pham\/keiki-duy-xanh-spray-lo-15ml\/","title":{"rendered":"Keiki Duy Xanh Spray (l\u1ecd 15ml) \u2013 Thu\u1ed1c k\u00edch ch\u1ed3i v\u00e0 k\u00edch m\u1ea7m cho lan gi\u00fap c\u00e2y nhanh ra keiki"},"content":{"rendered":"<p><span style=\"color: #000000; font-family: arial, helvetica, sans-serif;\"><strong data-start=\"0\" data-end=\"24\" data-is-only-node=\"\">Keiki Duy Xanh Spray<\/strong> l\u00e0 dung d\u1ecbch k\u00edch ch\u1ed3i lan \u0111\u01b0\u1ee3c nhi\u1ec1u nh\u00e0 v\u01b0\u1eddn tin d\u00f9ng nh\u1edd kh\u1ea3 n\u0103ng \u0111\u00e1nh th\u1ee9c m\u1eaft ng\u1ee7 v\u00e0 th\u00fac \u0111\u1ea9y h\u00ecnh th\u00e0nh keiki nhanh ch\u00f3ng. C\u00f4ng th\u1ee9c chuy\u00ean bi\u1ec7t gi\u00fap k\u00edch th\u00edch qu\u00e1 tr\u00ecnh ph\u00e2n h\u00f3a m\u1ea7m, h\u1ed7 tr\u1ee3 c\u00e2y lan b\u1eadt ch\u1ed3i m\u1edbi kh\u1ecfe m\u1ea1nh v\u00e0 ph\u00e1t tri\u1ec3n \u1ed5n \u0111\u1ecbnh. Khi phun \u0111\u00fang k\u1ef9 thu\u1eadt, s\u1ea3n ph\u1ea9m gi\u00fap h\u1ea1n ch\u1ebf t\u00ecnh tr\u1ea1ng m\u1eaft ng\u1ee7 k\u00e9o d\u00e0i, \u0111\u1ed3ng th\u1eddi t\u0103ng t\u1ef7 l\u1ec7 nh\u00e2n gi\u1ed1ng hi\u1ec7u qu\u1ea3. <\/span><\/p>\n<p><span style=\"color: #000000; font-family: arial, helvetica, sans-serif;\">D\u1ea1ng x\u1ecbt ti\u1ec7n l\u1ee3i gi\u00fap d\u01b0\u1ee1ng ch\u1ea5t b\u00e1m \u0111\u1ec1u l\u00ean v\u1ecb tr\u00ed c\u1ea7n k\u00edch ch\u1ed3i, d\u1ec5 thao t\u00e1c v\u00e0 ti\u1ebft ki\u1ec7m th\u1eddi gian ch\u0103m s\u00f3c. Nh\u1edd \u0111\u00f3, c\u00e2y lan nhanh ra m\u1ea7m con, sinh tr\u01b0\u1edfng t\u1ed1t v\u00e0 t\u1ea1o \u0111i\u1ec1u ki\u1ec7n thu\u1eadn l\u1ee3i cho vi\u1ec7c t\u00e1ch gi\u1ed1ng. \u0110\u00e2y l\u00e0 gi\u1ea3i ph\u00e1p h\u1eefu \u00edch d\u00e0nh cho ng\u01b0\u1eddi tr\u1ed3ng lan mu\u1ed1n c\u1ea3i thi\u1ec7n kh\u1ea3 n\u0103ng nh\u00e2n keiki v\u00e0 n\u00e2ng cao s\u1ee9c s\u1ed1ng cho v\u01b0\u1eddn lan.<\/span><\/p>\n<div class=\"flex flex-col text-sm\">\n<article class=\"text-token-text-primary w-full focus:outline-none [--shadow-height:45px] has-data-writing-block:pointer-events-none has-data-writing-block:-mt-(--shadow-height) has-data-writing-block:pt-(--shadow-height) [&amp;:has([data-writing-block])&gt;*]:pointer-events-auto scroll-mt-[calc(var(--header-height)+min(200px,max(70px,20svh)))]\" dir=\"auto\" tabindex=\"-1\" data-turn-id=\"request-WEB:801308ec-a789-4503-a7bb-697c8ac52e2c-0\" data-testid=\"conversation-turn-2\" data-scroll-anchor=\"true\" data-turn=\"assistant\">\n<div class=\"text-base my-auto mx-auto pb-10 [--thread-content-margin:var(--thread-content-margin-xs,calc(var(--spacing)*4))] @w-sm\/main:[--thread-content-margin:var(--thread-content-margin-sm,calc(var(--spacing)*6))] @w-lg\/main:[--thread-content-margin:var(--thread-content-margin-lg,calc(var(--spacing)*16))] px-(--thread-content-margin)\">\n<div class=\"[--thread-content-max-width:40rem] @w-lg\/main:[--thread-content-max-width:48rem] mx-auto max-w-(--thread-content-max-width) flex-1 group\/turn-messages focus-visible:outline-hidden relative flex w-full min-w-0 flex-col agent-turn\" tabindex=\"-1\">\n<div class=\"flex max-w-full flex-col gap-4 grow\">\n<div class=\"min-h-8 text-message relative flex w-full flex-col items-end gap-2 text-start break-words whitespace-normal [.text-message+&amp;]:mt-1\" dir=\"auto\" data-message-author-role=\"assistant\" data-message-id=\"9af0dc6b-9a7b-4c03-a78c-2dae069675ee\" data-message-model-slug=\"gpt-5-3\">\n<div class=\"flex w-full flex-col gap-1 empty:hidden\">\n<div class=\"markdown prose dark:prose-invert w-full wrap-break-word light markdown-new-styling\">\n<h2 data-section-id=\"6wb4ts\" data-start=\"741\" data-end=\"779\"><span style=\"color: #000000; font-family: arial, helvetica, sans-serif;\">Th\u00e0nh ph\u1ea7n c\u1ee7a Keiki Duy Xanh Spray<\/span><\/h2>\n<h3 data-section-id=\"hlsy78\" data-start=\"781\" data-end=\"828\"><span style=\"color: #000000; font-family: arial, helvetica, sans-serif;\">Ho\u1ea1t ch\u1ea5t k\u00edch th\u00edch sinh tr\u01b0\u1edfng th\u1ef1c v\u1eadt<\/span><\/h3>\n<p data-start=\"829\" data-end=\"1221\"><span style=\"color: #000000; font-family: arial, helvetica, sans-serif;\">Keiki Duy Xanh Spray ch\u1ee9a c\u00e1c ho\u1ea1t ch\u1ea5t k\u00edch th\u00edch sinh tr\u01b0\u1edfng gi\u00fap \u0111\u00e1nh th\u1ee9c m\u1eaft ng\u1ee7 tr\u00ean th\u00e2n lan. Nh\u1eefng ho\u1ea1t ch\u1ea5t n\u00e0y \u0111\u00f3ng vai tr\u00f2 th\u00fac \u0111\u1ea9y qu\u00e1 tr\u00ecnh ph\u00e2n chia t\u1ebf b\u00e0o, t\u1eeb \u0111\u00f3 h\u00ecnh th\u00e0nh ch\u1ed3i non m\u1edbi. Khi \u0111\u01b0\u1ee3c phun tr\u1ef1c ti\u1ebfp l\u00ean v\u1ecb tr\u00ed m\u1eaft ng\u1ee7, c\u00e1c ho\u1ea1t ch\u1ea5t s\u1ebd k\u00edch ho\u1ea1t qu\u00e1 tr\u00ecnh ph\u00e1t tri\u1ec3n t\u1ef1 nhi\u00ean c\u1ee7a c\u00e2y. Nh\u1edd \u0111\u00f3, lan c\u00f3 th\u1ec3 t\u1ea1o keiki nhanh h\u01a1n so v\u1edbi \u0111i\u1ec1u ki\u1ec7n sinh tr\u01b0\u1edfng b\u00ecnh th\u01b0\u1eddng.<\/span><\/p>\n<h3 data-section-id=\"44ymer\" data-start=\"1223\" data-end=\"1265\"><span style=\"color: #000000; font-family: arial, helvetica, sans-serif;\">Nh\u00f3m vi l\u01b0\u1ee3ng h\u1ed7 tr\u1ee3 ph\u00e1t tri\u1ec3n ch\u1ed3i<\/span><\/h3>\n<p data-start=\"1266\" data-end=\"1586\"><span style=\"color: #000000; font-family: arial, helvetica, sans-serif;\">Trong th\u00e0nh ph\u1ea7n c\u1ee7a s\u1ea3n ph\u1ea9m c\u00f2n b\u1ed5 sung m\u1ed9t s\u1ed1 nguy\u00ean t\u1ed1 vi l\u01b0\u1ee3ng c\u1ea7n thi\u1ebft cho qu\u00e1 tr\u00ecnh sinh tr\u01b0\u1edfng c\u1ee7a c\u00e2y lan. C\u00e1c vi l\u01b0\u1ee3ng n\u00e0y gi\u00fap t\u0103ng c\u01b0\u1eddng trao \u0111\u1ed5i ch\u1ea5t v\u00e0 h\u1ed7 tr\u1ee3 ch\u1ed3i non ph\u00e1t tri\u1ec3n kh\u1ecfe m\u1ea1nh sau khi b\u1eadt m\u1ea7m. Nh\u1edd \u0111\u01b0\u1ee3c cung c\u1ea5p d\u01b0\u1ee1ng ch\u1ea5t k\u1ecbp th\u1eddi, keiki m\u1edbi h\u00ecnh th\u00e0nh s\u1ebd ph\u00e1t tri\u1ec3n \u1ed5n \u0111\u1ecbnh v\u00e0 \u00edt b\u1ecb suy y\u1ebfu.<\/span><\/p>\n<figure id=\"attachment_1315\" aria-describedby=\"caption-attachment-1315\" style=\"width: 700px\" class=\"wp-caption aligncenter\"><img loading=\"lazy\" decoding=\"async\" class=\"wp-image-1315 size-full\" src=\"http:\/\/vattunongnghiep.store\/wp-content\/uploads\/2026\/03\/keiki-duy-xanh-spray-lo-15-ml-e1773405208889.jpg\" alt=\"\" width=\"700\" height=\"553\" srcset=\"https:\/\/vattunongnghiep.store\/wp-content\/uploads\/2026\/03\/keiki-duy-xanh-spray-lo-15-ml-e1773405208889.jpg 700w, https:\/\/vattunongnghiep.store\/wp-content\/uploads\/2026\/03\/keiki-duy-xanh-spray-lo-15-ml-e1773405208889-300x237.jpg 300w, https:\/\/vattunongnghiep.store\/wp-content\/uploads\/2026\/03\/keiki-duy-xanh-spray-lo-15-ml-e1773405208889-600x474.jpg 600w\" sizes=\"auto, (max-width: 700px) 100vw, 700px\" \/><figcaption id=\"caption-attachment-1315\" class=\"wp-caption-text\"><\/span> <span style=\"color: #000000; font-family: arial, helvetica, sans-serif;\">Thu\u1ed1c Keiki Duy Xanh Spray<\/span><\/figcaption><\/figure>\n<h3 data-section-id=\"16t6dp5\" data-start=\"1588\" data-end=\"1628\"><span style=\"color: #000000; font-family: arial, helvetica, sans-serif;\">Ch\u1ea5t d\u1eabn truy\u1ec1n gi\u00fap h\u1ea5p th\u1ee5 nhanh<\/span><\/h3>\n<p data-start=\"1629\" data-end=\"1925\"><span style=\"color: #000000; font-family: arial, helvetica, sans-serif;\">Keiki Duy Xanh Spray c\u00f2n c\u00f3 c\u00e1c ch\u1ea5t d\u1eabn truy\u1ec1n gi\u00fap ho\u1ea1t ch\u1ea5t d\u1ec5 d\u00e0ng th\u1ea9m th\u1ea5u qua b\u1ec1 m\u1eb7t th\u00e2n c\u00e2y. Nh\u1edd c\u01a1 ch\u1ebf n\u00e0y, dung d\u1ecbch c\u00f3 th\u1ec3 t\u00e1c \u0111\u1ed9ng tr\u1ef1c ti\u1ebfp v\u00e0o m\u1eaft ng\u1ee7 ch\u1ec9 sau th\u1eddi gian ng\u1eafn. \u0110i\u1ec1u n\u00e0y gi\u00fap r\u00fat ng\u1eafn th\u1eddi gian k\u00edch ch\u1ed3i v\u00e0 t\u0103ng hi\u1ec7u qu\u1ea3 s\u1eed d\u1ee5ng s\u1ea3n ph\u1ea9m trong qu\u00e1 tr\u00ecnh ch\u0103m s\u00f3c lan.<\/span><\/p>\n<h2 data-section-id=\"5u03yl\" data-start=\"1932\" data-end=\"1969\"><span style=\"color: #000000; font-family: arial, helvetica, sans-serif;\">C\u00f4ng d\u1ee5ng c\u1ee7a Keiki Duy Xanh Spray<\/span><\/h2>\n<h3 data-section-id=\"jbdtt2\" data-start=\"1971\" data-end=\"2011\"><span style=\"color: #000000; font-family: arial, helvetica, sans-serif;\">K\u00edch th\u00edch m\u1ecdc keiki tr\u00ean th\u00e2n lan<\/span><\/h3>\n<p data-start=\"2012\" data-end=\"2387\"><span style=\"color: #000000; font-family: arial, helvetica, sans-serif;\">C\u00f4ng d\u1ee5ng n\u1ed5i b\u1eadt nh\u1ea5t c\u1ee7a Keiki Duy Xanh Spray l\u00e0 k\u00edch th\u00edch h\u00ecnh th\u00e0nh keiki tr\u00ean c\u00e1c m\u1eaft ng\u1ee7 c\u1ee7a th\u00e2n lan. Khi phun \u0111\u00fang v\u1ecb tr\u00ed, m\u1eaft ng\u1ee7 s\u1ebd nhanh ch\u00f3ng \u0111\u01b0\u1ee3c k\u00edch ho\u1ea1t v\u00e0 ph\u00e1t tri\u1ec3n th\u00e0nh ch\u1ed3i m\u1edbi. \u0110\u00e2y l\u00e0 ph\u01b0\u01a1ng ph\u00e1p \u0111\u01b0\u1ee3c nhi\u1ec1u ng\u01b0\u1eddi tr\u1ed3ng lan \u00e1p d\u1ee5ng \u0111\u1ec3 nh\u00e2n gi\u1ed1ng c\u00e2y m\u1ed9t c\u00e1ch nhanh ch\u00f3ng. Nh\u1edd \u0111\u00f3, ng\u01b0\u1eddi ch\u01a1i lan c\u00f3 th\u1ec3 t\u0103ng s\u1ed1 l\u01b0\u1ee3ng c\u00e2y m\u00e0 kh\u00f4ng c\u1ea7n t\u00e1ch gi\u1ed1ng ph\u1ee9c t\u1ea1p.<\/span><\/p>\n<h3 data-section-id=\"xh5wfz\" data-start=\"2389\" data-end=\"2422\"><span style=\"color: #000000; font-family: arial, helvetica, sans-serif;\">H\u1ed7 tr\u1ee3 ph\u1ee5c h\u1ed3i lan suy y\u1ebfu<\/span><\/h3>\n<p data-start=\"2423\" data-end=\"2689\"><span style=\"color: #000000; font-family: arial, helvetica, sans-serif;\">Ngo\u00e0i kh\u1ea3 n\u0103ng k\u00edch ch\u1ed3i, s\u1ea3n ph\u1ea9m c\u00f2n gi\u00fap c\u00e2y lan ph\u1ee5c h\u1ed3i sau khi b\u1ecb suy y\u1ebfu ho\u1eb7c sau th\u1eddi gian ra hoa. C\u00e1c d\u01b0\u1ee1ng ch\u1ea5t trong dung d\u1ecbch g\u00f3p ph\u1ea7n th\u00fac \u0111\u1ea9y qu\u00e1 tr\u00ecnh sinh tr\u01b0\u1edfng m\u1edbi c\u1ee7a c\u00e2y. Nh\u1edd v\u1eady, lan c\u00f3 th\u1ec3 nhanh ch\u00f3ng l\u1ea5y l\u1ea1i s\u1ee9c v\u00e0 ti\u1ebfp t\u1ee5c ph\u00e1t tri\u1ec3n \u1ed5n \u0111\u1ecbnh.<\/span><\/p>\n<h3 data-section-id=\"1d57ql2\" data-start=\"2691\" data-end=\"2726\"><span style=\"color: #000000; font-family: arial, helvetica, sans-serif;\">Th\u00fac \u0111\u1ea9y ch\u1ed3i ph\u00e1t tri\u1ec3n m\u1ea1nh<\/span><\/h3>\n<p data-start=\"2727\" data-end=\"2983\"><span style=\"color: #000000; font-family: arial, helvetica, sans-serif;\">Sau khi m\u1eaft ng\u1ee7 b\u1eadt m\u1ea7m, Keiki Duy Xanh Spray gi\u00fap ch\u1ed3i non ph\u00e1t tri\u1ec3n kh\u1ecfe v\u00e0 \u1ed5n \u0111\u1ecbnh h\u01a1n. C\u00e1c d\u01b0\u1ee1ng ch\u1ea5t b\u1ed5 sung gi\u00fap ch\u1ed3i h\u00ecnh th\u00e0nh b\u1ed9 l\u00e1 v\u00e0 r\u1ec5 nhanh h\u01a1n. \u0110i\u1ec1u n\u00e0y g\u00f3p ph\u1ea7n t\u1ea1o ra nh\u1eefng c\u00e2y con kh\u1ecfe m\u1ea1nh, s\u1eb5n s\u00e0ng t\u00e1ch tr\u1ed3ng khi \u0111\u1ea1t k\u00edch th\u01b0\u1edbc ph\u00f9 h\u1ee3p.<\/span><\/p>\n<h3 data-section-id=\"9oxeb9\" data-start=\"2985\" data-end=\"3023\"><span style=\"color: #000000; font-family: arial, helvetica, sans-serif;\">T\u0103ng hi\u1ec7u qu\u1ea3 nh\u00e2n gi\u1ed1ng hoa lan<\/span><\/h3>\n<p data-start=\"3024\" data-end=\"3345\"><span style=\"color: #000000; font-family: arial, helvetica, sans-serif;\">Nh\u1edd kh\u1ea3 n\u0103ng k\u00edch th\u00edch ch\u1ed3i m\u1ea1nh m\u1ebd, s\u1ea3n ph\u1ea9m gi\u00fap ng\u01b0\u1eddi tr\u1ed3ng lan d\u1ec5 d\u00e0ng nh\u00e2n gi\u1ed1ng nhi\u1ec1u c\u00e2y t\u1eeb m\u1ed9t th\u00e2n lan tr\u01b0\u1edfng th\u00e0nh. \u0110\u00e2y l\u00e0 gi\u1ea3i ph\u00e1p \u0111\u01b0\u1ee3c s\u1eed d\u1ee5ng ph\u1ed5 bi\u1ebfn trong v\u01b0\u1eddn lan khi c\u1ea7n nh\u00e2n gi\u1ed1ng c\u00e1c gi\u1ed1ng lan qu\u00fd. Khi \u00e1p d\u1ee5ng \u0111\u00fang k\u1ef9 thu\u1eadt, s\u1ed1 l\u01b0\u1ee3ng keiki \u0111\u01b0\u1ee3c t\u1ea1o ra s\u1ebd nhi\u1ec1u h\u01a1n v\u00e0 ch\u1ea5t l\u01b0\u1ee3ng c\u00e2y con c\u0169ng t\u1ed1t h\u01a1n.<\/span><\/p>\n<h2 data-section-id=\"z4fit3\" data-start=\"3352\" data-end=\"3387\"><span style=\"color: #000000; font-family: arial, helvetica, sans-serif;\">\u01afu \u0111i\u1ec3m c\u1ee7a Keiki Duy Xanh Spray<\/span><\/h2>\n<h3 data-section-id=\"n7j4im\" data-start=\"3389\" data-end=\"3426\"><span style=\"color: #000000; font-family: arial, helvetica, sans-serif;\">D\u1ea1ng x\u1ecbt ti\u1ec7n l\u1ee3i v\u00e0 d\u1ec5 s\u1eed d\u1ee5ng<\/span><\/h3>\n<p data-start=\"3427\" data-end=\"3686\"><span style=\"color: #000000; font-family: arial, helvetica, sans-serif;\">S\u1ea3n ph\u1ea9m \u0111\u01b0\u1ee3c thi\u1ebft k\u1ebf d\u01b0\u1edbi d\u1ea1ng chai x\u1ecbt gi\u00fap ng\u01b0\u1eddi d\u00f9ng thao t\u00e1c nhanh ch\u00f3ng v\u00e0 ch\u00ednh x\u00e1c. Ch\u1ec9 c\u1ea7n phun tr\u1ef1c ti\u1ebfp v\u00e0o m\u1eaft ng\u1ee7 c\u1ee7a th\u00e2n lan l\u00e0 ho\u1ea1t ch\u1ea5t \u0111\u00e3 c\u00f3 th\u1ec3 ph\u00e1t huy t\u00e1c d\u1ee5ng. Nh\u1edd v\u1eady, ng\u01b0\u1eddi tr\u1ed3ng lan kh\u00f4ng c\u1ea7n pha ch\u1ebf ph\u1ee9c t\u1ea1p trong qu\u00e1 tr\u00ecnh s\u1eed d\u1ee5ng.<\/span><\/p>\n<h3 data-section-id=\"t6m74f\" data-start=\"3688\" data-end=\"3718\"><span style=\"color: #000000; font-family: arial, helvetica, sans-serif;\">Hi\u1ec7u qu\u1ea3 k\u00edch ch\u1ed3i nhanh<\/span><\/h3>\n<p data-start=\"3719\" data-end=\"3989\"><span style=\"color: #000000; font-family: arial, helvetica, sans-serif;\">M\u1ed9t trong nh\u1eefng \u0111i\u1ec3m n\u1ed5i b\u1eadt c\u1ee7a Keiki Duy Xanh Spray l\u00e0 kh\u1ea3 n\u0103ng k\u00edch ho\u1ea1t m\u1eaft ng\u1ee7 t\u01b0\u01a1ng \u0111\u1ed1i nhanh. Trong \u0111i\u1ec1u ki\u1ec7n ch\u0103m s\u00f3c t\u1ed1t, m\u1eaft ng\u1ee7 c\u00f3 th\u1ec3 b\u1eaft \u0111\u1ea7u h\u00ecnh th\u00e0nh ch\u1ed3i sau m\u1ed9t th\u1eddi gian ng\u1eafn. \u0110i\u1ec1u n\u00e0y gi\u00fap r\u00fat ng\u1eafn qu\u00e1 tr\u00ecnh nh\u00e2n gi\u1ed1ng lan so v\u1edbi ph\u01b0\u01a1ng ph\u00e1p t\u1ef1 nhi\u00ean.<\/span><\/p>\n<h3 data-section-id=\"15mi7sb\" data-start=\"3991\" data-end=\"4023\"><span style=\"color: #000000; font-family: arial, helvetica, sans-serif;\">Ph\u00f9 h\u1ee3p v\u1edbi nhi\u1ec1u lo\u1ea1i lan<\/span><\/h3>\n<p data-start=\"4024\" data-end=\"4289\"><span style=\"color: #000000; font-family: arial, helvetica, sans-serif;\">Keiki Duy Xanh Spray c\u00f3 th\u1ec3 s\u1eed d\u1ee5ng cho nhi\u1ec1u gi\u1ed1ng lan kh\u00e1c nhau nh\u01b0 lan dendro, lan phi \u0111i\u1ec7p ho\u1eb7c m\u1ed9t s\u1ed1 d\u00f2ng lan th\u00e2n th\u00f2ng. Nh\u1edd v\u1eady, s\u1ea3n ph\u1ea9m tr\u1edf th\u00e0nh l\u1ef1a ch\u1ecdn ph\u1ed5 bi\u1ebfn trong nhi\u1ec1u v\u01b0\u1eddn lan. Ng\u01b0\u1eddi ch\u01a1i lan c\u00f3 th\u1ec3 \u00e1p d\u1ee5ng linh ho\u1ea1t cho nhi\u1ec1u lo\u1ea1i c\u00e2y kh\u00e1c nhau.<\/span><\/p>\n<h2 data-section-id=\"24tom3\" data-start=\"4296\" data-end=\"4334\"><span style=\"color: #000000; font-family: arial, helvetica, sans-serif;\">Nh\u01b0\u1ee3c \u0111i\u1ec3m c\u1ee7a Keiki Duy Xanh Spray<\/span><\/h2>\n<h3 data-section-id=\"1l5plzz\" data-start=\"4336\" data-end=\"4369\"><span style=\"color: #000000; font-family: arial, helvetica, sans-serif;\">C\u1ea7n s\u1eed d\u1ee5ng \u0111\u00fang li\u1ec1u l\u01b0\u1ee3ng<\/span><\/h3>\n<p data-start=\"4370\" data-end=\"4615\"><span style=\"color: #000000; font-family: arial, helvetica, sans-serif;\">N\u1ebfu s\u1eed d\u1ee5ng qu\u00e1 nhi\u1ec1u ho\u1eb7c phun l\u1eb7p l\u1ea1i nhi\u1ec1u l\u1ea7n trong th\u1eddi gian ng\u1eafn, c\u00e2y lan c\u00f3 th\u1ec3 b\u1ecb stress sinh tr\u01b0\u1edfng. \u0110i\u1ec1u n\u00e0y khi\u1ebfn ch\u1ed3i non ph\u00e1t tri\u1ec3n y\u1ebfu ho\u1eb7c kh\u00f4ng \u1ed5n \u0111\u1ecbnh. V\u00ec v\u1eady ng\u01b0\u1eddi tr\u1ed3ng lan c\u1ea7n tu\u00e2n th\u1ee7 \u0111\u00fang h\u01b0\u1edbng d\u1eabn \u0111\u1ec3 \u0111\u1ea1t hi\u1ec7u qu\u1ea3 t\u1ed1t nh\u1ea5t.<\/span><\/p>\n<h3 data-section-id=\"19bx8l0\" data-start=\"4617\" data-end=\"4656\"><span style=\"color: #000000; font-family: arial, helvetica, sans-serif;\">Hi\u1ec7u qu\u1ea3 ph\u1ee5 thu\u1ed9c t\u00ecnh tr\u1ea1ng c\u00e2y<\/span><\/h3>\n<p data-start=\"4657\" data-end=\"4920\"><span style=\"color: #000000; font-family: arial, helvetica, sans-serif;\">Kh\u1ea3 n\u0103ng k\u00edch ch\u1ed3i c\u1ee7a Keiki Duy Xanh Spray c\u00f2n ph\u1ee5 thu\u1ed9c v\u00e0o s\u1ee9c kh\u1ecfe c\u1ee7a c\u00e2y lan. V\u1edbi nh\u1eefng c\u00e2y lan qu\u00e1 y\u1ebfu ho\u1eb7c \u0111ang b\u1ecb b\u1ec7nh n\u1eb7ng, hi\u1ec7u qu\u1ea3 k\u00edch keiki c\u00f3 th\u1ec3 gi\u1ea3m \u0111\u00e1ng k\u1ec3. Trong tr\u01b0\u1eddng h\u1ee3p n\u00e0y, ng\u01b0\u1eddi tr\u1ed3ng n\u00ean ph\u1ee5c h\u1ed3i c\u00e2y tr\u01b0\u1edbc khi s\u1eed d\u1ee5ng ch\u1ebf ph\u1ea9m k\u00edch ch\u1ed3i.<\/span><\/p>\n<figure id=\"attachment_1316\" aria-describedby=\"caption-attachment-1316\" style=\"width: 800px\" class=\"wp-caption aligncenter\"><img loading=\"lazy\" decoding=\"async\" class=\"wp-image-1316 size-full\" src=\"http:\/\/vattunongnghiep.store\/wp-content\/uploads\/2026\/03\/cong-dung-keiki-duy-xanh-spray-e1773405220169.jpg\" alt=\"\" width=\"800\" height=\"727\" srcset=\"https:\/\/vattunongnghiep.store\/wp-content\/uploads\/2026\/03\/cong-dung-keiki-duy-xanh-spray-e1773405220169.jpg 800w, https:\/\/vattunongnghiep.store\/wp-content\/uploads\/2026\/03\/cong-dung-keiki-duy-xanh-spray-e1773405220169-300x273.jpg 300w, https:\/\/vattunongnghiep.store\/wp-content\/uploads\/2026\/03\/cong-dung-keiki-duy-xanh-spray-e1773405220169-768x698.jpg 768w, https:\/\/vattunongnghiep.store\/wp-content\/uploads\/2026\/03\/cong-dung-keiki-duy-xanh-spray-e1773405220169-600x545.jpg 600w\" sizes=\"auto, (max-width: 800px) 100vw, 800px\" \/><figcaption id=\"caption-attachment-1316\" class=\"wp-caption-text\"><\/span> <span style=\"color: #000000; font-family: arial, helvetica, sans-serif;\">C\u00f4ng d\u1ee5ng Keiki Duy Xanh Spray<\/span><\/figcaption><\/figure>\n<h2 data-section-id=\"15lxw83\" data-start=\"4927\" data-end=\"4968\"><span style=\"color: #000000; font-family: arial, helvetica, sans-serif;\">H\u01b0\u1edbng d\u1eabn s\u1eed d\u1ee5ng Keiki Duy Xanh Spray<\/span><\/h2>\n<h3 data-section-id=\"jomsrj\" data-start=\"4970\" data-end=\"5013\"><span style=\"color: #000000; font-family: arial, helvetica, sans-serif;\">X\u00e1c \u0111\u1ecbnh v\u1ecb tr\u00ed m\u1eaft ng\u1ee7 tr\u00ean th\u00e2n lan<\/span><\/h3>\n<p data-start=\"5014\" data-end=\"5259\"><span style=\"color: #000000; font-family: arial, helvetica, sans-serif;\">Tr\u01b0\u1edbc khi s\u1eed d\u1ee5ng, c\u1ea7n quan s\u00e1t th\u00e2n lan \u0111\u1ec3 t\u00ecm c\u00e1c m\u1eaft ng\u1ee7 n\u1eb1m \u1edf c\u00e1c \u0111\u1ed1t th\u00e2n. \u0110\u00e2y l\u00e0 v\u1ecb tr\u00ed c\u00f3 kh\u1ea3 n\u0103ng ph\u00e1t tri\u1ec3n th\u00e0nh ch\u1ed3i m\u1edbi khi \u0111\u01b0\u1ee3c k\u00edch th\u00edch. Vi\u1ec7c x\u00e1c \u0111\u1ecbnh \u0111\u00fang v\u1ecb tr\u00ed s\u1ebd gi\u00fap dung d\u1ecbch t\u00e1c \u0111\u1ed9ng ch\u00ednh x\u00e1c v\u00e0 mang l\u1ea1i hi\u1ec7u qu\u1ea3 cao h\u01a1n.<\/span><\/p>\n<h3 data-section-id=\"ity5zn\" data-start=\"5261\" data-end=\"5293\"><span style=\"color: #000000; font-family: arial, helvetica, sans-serif;\">Phun tr\u1ef1c ti\u1ebfp l\u00ean m\u1eaft ng\u1ee7<\/span><\/h3>\n<p data-start=\"5294\" data-end=\"5539\"><span style=\"color: #000000; font-family: arial, helvetica, sans-serif;\">L\u1eafc \u0111\u1ec1u chai Keiki Duy Xanh Spray tr\u01b0\u1edbc khi s\u1eed d\u1ee5ng. Sau \u0111\u00f3 phun m\u1ed9t l\u01b0\u1ee3ng nh\u1ecf dung d\u1ecbch tr\u1ef1c ti\u1ebfp l\u00ean m\u1eaft ng\u1ee7 tr\u00ean th\u00e2n lan. Ch\u1ec9 c\u1ea7n phun v\u1eeba \u0111\u1ee7 \u0111\u1ec3 dung d\u1ecbch ph\u1ee7 l\u00ean v\u1ecb tr\u00ed c\u1ea7n k\u00edch ch\u1ed3i. Kh\u00f4ng n\u00ean phun qu\u00e1 nhi\u1ec1u \u0111\u1ec3 tr\u00e1nh g\u00e2y \u1ea3nh h\u01b0\u1edfng \u0111\u1ebfn c\u00e2y.<\/span><\/p>\n<h3 data-section-id=\"1f9tkgh\" data-start=\"5541\" data-end=\"5578\"><span style=\"color: #000000; font-family: arial, helvetica, sans-serif;\">Theo d\u00f5i s\u1ef1 ph\u00e1t tri\u1ec3n c\u1ee7a ch\u1ed3i<\/span><\/h3>\n<p data-start=\"5579\" data-end=\"5806\"><span style=\"color: #000000; font-family: arial, helvetica, sans-serif;\">Sau khi s\u1eed d\u1ee5ng, c\u1ea7n \u0111\u1eb7t c\u00e2y lan \u1edf n\u01a1i tho\u00e1ng m\u00e1t v\u00e0 c\u00f3 \u00e1nh s\u00e1ng ph\u00f9 h\u1ee3p. Trong qu\u00e1 tr\u00ecnh ch\u0103m s\u00f3c, c\u1ea7n b\u1ed5 sung n\u01b0\u1edbc v\u00e0 dinh d\u01b0\u1ee1ng h\u1ee3p l\u00fd \u0111\u1ec3 h\u1ed7 tr\u1ee3 ch\u1ed3i non ph\u00e1t tri\u1ec3n. Sau m\u1ed9t th\u1eddi gian, m\u1eaft ng\u1ee7 s\u1ebd b\u1eaft \u0111\u1ea7u h\u00ecnh th\u00e0nh ch\u1ed3i m\u1edbi.<\/span><\/p>\n<h2 data-section-id=\"1pyhs9i\" data-start=\"5813\" data-end=\"5854\"><span style=\"color: #000000; font-family: arial, helvetica, sans-serif;\">L\u01b0u \u00fd khi s\u1eed d\u1ee5ng Keiki Duy Xanh Spray<\/span><\/h2>\n<h3 data-section-id=\"17vson3\" data-start=\"5856\" data-end=\"5901\"><span style=\"color: #000000; font-family: arial, helvetica, sans-serif;\">Kh\u00f4ng s\u1eed d\u1ee5ng khi c\u00e2y \u0111ang b\u1ecb b\u1ec7nh n\u1eb7ng<\/span><\/h3>\n<p data-start=\"5902\" data-end=\"6080\"><span style=\"color: #000000; font-family: arial, helvetica, sans-serif;\">N\u1ebfu c\u00e2y lan \u0111ang b\u1ecb n\u1ea5m b\u1ec7nh ho\u1eb7c suy ki\u1ec7t nghi\u00eam tr\u1ecdng, vi\u1ec7c k\u00edch ch\u1ed3i c\u00f3 th\u1ec3 khi\u1ebfn c\u00e2y y\u1ebfu h\u01a1n. Trong tr\u01b0\u1eddng h\u1ee3p n\u00e0y, n\u00ean x\u1eed l\u00fd b\u1ec7nh v\u00e0 ph\u1ee5c h\u1ed3i c\u00e2y tr\u01b0\u1edbc khi s\u1eed d\u1ee5ng s\u1ea3n ph\u1ea9m.<\/span><\/p>\n<h3 data-section-id=\"6cmuxj\" data-start=\"6082\" data-end=\"6121\"><span style=\"color: #000000; font-family: arial, helvetica, sans-serif;\">Tr\u00e1nh phun v\u00e0o th\u1eddi \u0111i\u1ec3m n\u1eafng g\u1eaft<\/span><\/h3>\n<p data-start=\"6122\" data-end=\"6340\"><span style=\"color: #000000; font-family: arial, helvetica, sans-serif;\">Th\u1eddi \u0111i\u1ec3m t\u1ed1t nh\u1ea5t \u0111\u1ec3 s\u1eed d\u1ee5ng Keiki Duy Xanh Spray l\u00e0 v\u00e0o bu\u1ed5i s\u00e1ng s\u1edbm ho\u1eb7c chi\u1ec1u m\u00e1t. Phun trong l\u00fac nhi\u1ec7t \u0111\u1ed9 cao c\u00f3 th\u1ec3 l\u00e0m dung d\u1ecbch bay h\u01a1i nhanh v\u00e0 gi\u1ea3m hi\u1ec7u qu\u1ea3. \u0110i\u1ec1u n\u00e0y c\u0169ng gi\u00fap c\u00e2y h\u1ea5p th\u1ee5 ho\u1ea1t ch\u1ea5t t\u1ed1t h\u01a1n.<\/span><\/p>\n<h3 data-section-id=\"16eh4co\" data-start=\"6342\" data-end=\"6375\"><span style=\"color: #000000; font-family: arial, helvetica, sans-serif;\">B\u1ea3o qu\u1ea3n s\u1ea3n ph\u1ea9m \u0111\u00fang c\u00e1ch<\/span><\/h3>\n<p data-start=\"6376\" data-end=\"6601\" data-is-last-node=\"\" data-is-only-node=\"\"><span style=\"color: #000000; font-family: arial, helvetica, sans-serif;\">Sau khi s\u1eed d\u1ee5ng, c\u1ea7n \u0111\u1eady k\u00edn n\u1eafp chai v\u00e0 b\u1ea3o qu\u1ea3n \u1edf n\u01a1i kh\u00f4 r\u00e1o, tho\u00e1ng m\u00e1t. Tr\u00e1nh \u0111\u1ec3 s\u1ea3n ph\u1ea9m ti\u1ebfp x\u00fac tr\u1ef1c ti\u1ebfp v\u1edbi \u00e1nh n\u1eafng ho\u1eb7c nhi\u1ec7t \u0111\u1ed9 cao. B\u1ea3o qu\u1ea3n \u0111\u00fang c\u00e1ch s\u1ebd gi\u00fap duy tr\u00ec ch\u1ea5t l\u01b0\u1ee3ng c\u1ee7a ch\u1ebf ph\u1ea9m trong th\u1eddi gian d\u00e0i.<\/span><\/p>\n<\/div>\n<\/div>\n<\/div>\n<\/div>\n<\/div>\n<\/div>\n<\/article>\n<\/div>\n","protected":false},"excerpt":{"rendered":"<p>Keiki Duy Xanh Spray l\u00e0 dung d\u1ecbch k\u00edch ch\u1ed3i lan \u0111\u01b0\u1ee3c nhi\u1ec1u nh\u00e0 v\u01b0\u1eddn tin d\u00f9ng nh\u1edd kh\u1ea3 n\u0103ng \u0111\u00e1nh th\u1ee9c m\u1eaft ng\u1ee7 v\u00e0 th\u00fac \u0111\u1ea9y h\u00ecnh th\u00e0nh keiki nhanh ch\u00f3ng. C\u00f4ng th\u1ee9c chuy\u00ean bi\u1ec7t gi\u00fap k\u00edch th\u00edch qu\u00e1 tr\u00ecnh ph\u00e2n h\u00f3a m\u1ea7m, h\u1ed7 tr\u1ee3 c\u00e2y lan b\u1eadt ch\u1ed3i m\u1edbi kh\u1ecfe m\u1ea1nh v\u00e0 ph\u00e1t tri\u1ec3n [&#8230;]\n","protected":false},"featured_media":1317,"comment_status":"open","ping_status":"closed","template":"","meta":[],"product_brand":[],"product_cat":[59],"product_tag":[],"class_list":{"0":"post-1314","1":"product","2":"type-product","3":"status-publish","4":"has-post-thumbnail","6":"product_cat-thuoc-dac-tri-benh-cho-lan","8":"first","9":"instock","10":"shipping-taxable","11":"purchasable","12":"product-type-simple"},"jetpack_sharing_enabled":true,"_links":{"self":[{"href":"https:\/\/vattunongnghiep.store\/index.php\/wp-json\/wp\/v2\/product\/1314","targetHints":{"allow":["GET"]}}],"collection":[{"href":"https:\/\/vattunongnghiep.store\/index.php\/wp-json\/wp\/v2\/product"}],"about":[{"href":"https:\/\/vattunongnghiep.store\/index.php\/wp-json\/wp\/v2\/types\/product"}],"replies":[{"embeddable":true,"href":"https:\/\/vattunongnghiep.store\/index.php\/wp-json\/wp\/v2\/comments?post=1314"}],"wp:featuredmedia":[{"embeddable":true,"href":"https:\/\/vattunongnghiep.store\/index.php\/wp-json\/wp\/v2\/media\/1317"}],"wp:attachment":[{"href":"https:\/\/vattunongnghiep.store\/index.php\/wp-json\/wp\/v2\/media?parent=1314"}],"wp:term":[{"taxonomy":"product_brand","embeddable":true,"href":"https:\/\/vattunongnghiep.store\/index.php\/wp-json\/wp\/v2\/product_brand?post=1314"},{"taxonomy":"product_cat","embeddable":true,"href":"https:\/\/vattunongnghiep.store\/index.php\/wp-json\/wp\/v2\/product_cat?post=1314"},{"taxonomy":"product_tag","embeddable":true,"href":"https:\/\/vattunongnghiep.store\/index.php\/wp-json\/wp\/v2\/product_tag?post=1314"}],"curies":[{"name":"wp","href":"https:\/\/api.w.org\/{rel}","templated":true}]}}