{"id":1302,"date":"2026-03-13T08:31:13","date_gmt":"2026-03-13T08:31:13","guid":{"rendered":"https:\/\/vattunongnghiep.store\/?post_type=product&#038;p=1302"},"modified":"2026-03-13T08:31:13","modified_gmt":"2026-03-13T08:31:13","slug":"phan-trun-que-vien-nen-sfarm-chuyen-dung-cho-lan-1kg","status":"publish","type":"product","link":"https:\/\/vattunongnghiep.store\/index.php\/san-pham\/phan-trun-que-vien-nen-sfarm-chuyen-dung-cho-lan-1kg\/","title":{"rendered":"Ph\u00e2n tr\u00f9n qu\u1ebf vi\u00ean n\u00e9n SFARM chuy\u00ean d\u00f9ng cho lan (1Kg)"},"content":{"rendered":"<article class=\"text-token-text-primary w-full focus:outline-none [--shadow-height:45px] has-data-writing-block:pointer-events-none has-data-writing-block:-mt-(--shadow-height) has-data-writing-block:pt-(--shadow-height) [&amp;:has([data-writing-block])&gt;*]:pointer-events-auto scroll-mt-(--header-height)\" dir=\"auto\" tabindex=\"-1\" data-turn-id=\"a472effd-2b91-44a0-9020-4d8c15f54038\" data-testid=\"conversation-turn-3\" data-scroll-anchor=\"false\" data-turn=\"user\"><\/article>\n<article class=\"text-token-text-primary w-full focus:outline-none [--shadow-height:45px] has-data-writing-block:pointer-events-none has-data-writing-block:-mt-(--shadow-height) has-data-writing-block:pt-(--shadow-height) [&amp;:has([data-writing-block])&gt;*]:pointer-events-auto scroll-mt-[calc(var(--header-height)+min(200px,max(70px,20svh)))]\" dir=\"auto\" tabindex=\"-1\" data-turn-id=\"request-WEB:c9a6ba77-31ae-4104-af55-113d3d61967b-1\" data-testid=\"conversation-turn-4\" data-scroll-anchor=\"true\" data-turn=\"assistant\">\n<div class=\"text-base my-auto mx-auto pb-10 [--thread-content-margin:var(--thread-content-margin-xs,calc(var(--spacing)*4))] @w-sm\/main:[--thread-content-margin:var(--thread-content-margin-sm,calc(var(--spacing)*6))] @w-lg\/main:[--thread-content-margin:var(--thread-content-margin-lg,calc(var(--spacing)*16))] px-(--thread-content-margin)\">\n<div class=\"[--thread-content-max-width:40rem] @w-lg\/main:[--thread-content-max-width:48rem] mx-auto max-w-(--thread-content-max-width) flex-1 group\/turn-messages focus-visible:outline-hidden relative flex w-full min-w-0 flex-col agent-turn\" tabindex=\"-1\">\n<div class=\"flex max-w-full flex-col gap-4 grow\">\n<div class=\"min-h-8 text-message relative flex w-full flex-col items-end gap-2 text-start break-words whitespace-normal [.text-message+&amp;]:mt-1\" dir=\"auto\" data-message-author-role=\"assistant\" data-message-id=\"887152b6-b1d1-42c4-9189-3339ff25eabb\" data-message-model-slug=\"gpt-5-3\">\n<div class=\"flex w-full flex-col gap-1 empty:hidden\">\n<div class=\"markdown prose dark:prose-invert w-full wrap-break-word light markdown-new-styling\">\n<p data-start=\"0\" data-end=\"712\" data-is-last-node=\"\" data-is-only-node=\"\"><span style=\"color: #000000; font-family: arial, helvetica, sans-serif;\"><strong data-start=\"0\" data-end=\"32\" data-is-only-node=\"\">Ph\u00e2n tr\u00f9n qu\u1ebf vi\u00ean n\u00e9n SFARM<\/strong> l\u00e0 d\u00f2ng ph\u00e2n b\u00f3n h\u1eefu c\u01a1 \u0111\u01b0\u1ee3c s\u1ea3n xu\u1ea5t t\u1eeb ngu\u1ed3n tr\u00f9n qu\u1ebf t\u1ef1 nhi\u00ean, tr\u1ea3i qua qu\u00e1 tr\u00ecnh x\u1eed l\u00fd v\u00e0 \u00e9p th\u00e0nh d\u1ea1ng vi\u00ean nh\u1ecf g\u1ecdn, d\u1ec5 s\u1eed d\u1ee5ng. S\u1ea3n ph\u1ea9m cung c\u1ea5p ngu\u1ed3n d\u01b0\u1ee1ng ch\u1ea5t h\u1eefu c\u01a1 phong ph\u00fa gi\u00fap c\u1ea3i t\u1ea1o \u0111\u1ea5t tr\u1ed3ng, t\u0103ng \u0111\u1ed9 t\u01a1i x\u1ed1p v\u00e0 k\u00edch th\u00edch b\u1ed9 r\u1ec5 ph\u00e1t tri\u1ec3n m\u1ea1nh. Nh\u1edd ch\u1ee9a nhi\u1ec1u vi sinh v\u1eadt c\u00f3 l\u1ee3i, ph\u00e2n h\u1ed7 tr\u1ee3 c\u00e2y h\u1ea5p thu dinh d\u01b0\u1ee1ng hi\u1ec7u qu\u1ea3 v\u00e0 ph\u00e1t tri\u1ec3n \u1ed5n \u0111\u1ecbnh h\u01a1n. D\u1ea1ng vi\u00ean n\u00e9n gi\u00fap ph\u00e2n tan t\u1eeb t\u1eeb trong \u0111\u1ea5t, cung c\u1ea5p d\u01b0\u1ee1ng ch\u1ea5t l\u00e2u d\u00e0i v\u00e0 gi\u1ea3m th\u1ea5t tho\u00e1t khi t\u01b0\u1edbi n\u01b0\u1edbc. Ph\u00e2n th\u00edch h\u1ee3p s\u1eed d\u1ee5ng cho nhi\u1ec1u lo\u1ea1i c\u00e2y tr\u1ed3ng nh\u01b0 rau s\u1ea1ch, hoa ki\u1ec3ng, c\u00e2y c\u1ea3nh v\u00e0 c\u00e1c gi\u1ed1ng lan.<\/span><\/p>\n<h2 data-section-id=\"vg6dda\" data-start=\"821\" data-end=\"834\"><span style=\"color: #000000; font-family: arial, helvetica, sans-serif;\">Th\u00e0nh ph\u1ea7n<\/span><\/h2>\n<figure id=\"attachment_1303\" aria-describedby=\"caption-attachment-1303\" style=\"width: 1000px\" class=\"wp-caption aligncenter\"><img loading=\"lazy\" decoding=\"async\" class=\"wp-image-1303 size-full\" src=\"http:\/\/vattunongnghiep.store\/wp-content\/uploads\/2026\/03\/thanh-phan-phan-trun-que-vien-nen-sfarm.jpg\" alt=\"\" width=\"1000\" height=\"1000\" srcset=\"https:\/\/vattunongnghiep.store\/wp-content\/uploads\/2026\/03\/thanh-phan-phan-trun-que-vien-nen-sfarm.jpg 1000w, https:\/\/vattunongnghiep.store\/wp-content\/uploads\/2026\/03\/thanh-phan-phan-trun-que-vien-nen-sfarm-300x300.jpg 300w, https:\/\/vattunongnghiep.store\/wp-content\/uploads\/2026\/03\/thanh-phan-phan-trun-que-vien-nen-sfarm-150x150.jpg 150w, https:\/\/vattunongnghiep.store\/wp-content\/uploads\/2026\/03\/thanh-phan-phan-trun-que-vien-nen-sfarm-768x768.jpg 768w, https:\/\/vattunongnghiep.store\/wp-content\/uploads\/2026\/03\/thanh-phan-phan-trun-que-vien-nen-sfarm-600x600.jpg 600w, https:\/\/vattunongnghiep.store\/wp-content\/uploads\/2026\/03\/thanh-phan-phan-trun-que-vien-nen-sfarm-100x100.jpg 100w\" sizes=\"auto, (max-width: 1000px) 100vw, 1000px\" \/><figcaption id=\"caption-attachment-1303\" class=\"wp-caption-text\"><\/span> <span style=\"color: #000000; font-family: arial, helvetica, sans-serif;\">Th\u00e0nh ph\u1ea7n ph\u00e2n tr\u00f9n qu\u1ebf vi\u00ean n\u00e9n SFARM<\/span><\/figcaption><\/figure>\n<h3 data-start=\"836\" data-end=\"1216\"><span style=\"color: #000000; font-family: arial, helvetica, sans-serif;\">Ph\u00e2n tr\u00f9n qu\u1ebf h\u1eefu c\u01a1 nguy\u00ean ch\u1ea5t<\/span><\/h3>\n<p data-start=\"836\" data-end=\"1216\"><span style=\"color: #000000; font-family: arial, helvetica, sans-serif;\">Ph\u00e2n tr\u00f9n qu\u1ebf vi\u00ean n\u00e9n SFARM \u0111\u01b0\u1ee3c s\u1ea3n xu\u1ea5t t\u1eeb ngu\u1ed3n ph\u00e2n tr\u00f9n qu\u1ebf t\u1ef1 nhi\u00ean \u0111\u00e3 qua x\u1eed l\u00fd v\u00e0 \u1ee7 hoai k\u1ef9 l\u01b0\u1ee1ng. Th\u00e0nh ph\u1ea7n n\u00e0y ch\u1ee9a h\u00e0m l\u01b0\u1ee3ng ch\u1ea5t h\u1eefu c\u01a1 cao gi\u00fap c\u1ea3i thi\u1ec7n gi\u00e1 th\u1ec3 tr\u1ed3ng lan, t\u0103ng \u0111\u1ed9 t\u01a1i x\u1ed1p v\u00e0 gi\u1eef \u1ea9m t\u1ed1t h\u01a1n. Nh\u1edd v\u1eady, r\u1ec5 lan c\u00f3 \u0111i\u1ec1u ki\u1ec7n ph\u00e1t tri\u1ec3n thu\u1eadn l\u1ee3i v\u00e0 h\u1ea5p thu dinh d\u01b0\u1ee1ng hi\u1ec7u qu\u1ea3 h\u01a1n trong su\u1ed1t qu\u00e1 tr\u00ecnh sinh tr\u01b0\u1edfng.<\/span><\/p>\n<h3 data-start=\"1218\" data-end=\"1576\"><span style=\"color: #000000; font-family: arial, helvetica, sans-serif;\">H\u1ec7 vi sinh v\u1eadt c\u00f3 l\u1ee3i<\/span><\/h3>\n<p data-start=\"1218\" data-end=\"1576\"><span style=\"color: #000000; font-family: arial, helvetica, sans-serif;\">Trong ph\u00e2n tr\u00f9n qu\u1ebf c\u00f2n ch\u1ee9a nhi\u1ec1u vi sinh v\u1eadt h\u1eefu \u00edch gi\u00fap ph\u00e2n gi\u1ea3i ch\u1ea5t h\u1eefu c\u01a1 v\u00e0 chuy\u1ec3n h\u00f3a th\u00e0nh d\u1ea1ng dinh d\u01b0\u1ee1ng d\u1ec5 h\u1ea5p thu cho c\u00e2y. C\u00e1c vi sinh n\u00e0y c\u0169ng g\u00f3p ph\u1ea7n c\u00e2n b\u1eb1ng h\u1ec7 sinh th\u00e1i trong gi\u00e1 th\u1ec3, gi\u00fap h\u1ea1n ch\u1ebf s\u1ef1 ph\u00e1t tri\u1ec3n c\u1ee7a m\u1ed9t s\u1ed1 n\u1ea5m b\u1ec7nh g\u00e2y h\u1ea1i cho r\u1ec5 lan. \u0110i\u1ec1u n\u00e0y gi\u00fap c\u00e2y lan kh\u1ecfe m\u1ea1nh v\u00e0 ph\u00e1t tri\u1ec3n \u1ed5n \u0111\u1ecbnh h\u01a1n.<\/span><\/p>\n<h3 data-start=\"1578\" data-end=\"1940\"><span style=\"color: #000000; font-family: arial, helvetica, sans-serif;\">Kho\u00e1ng ch\u1ea5t vi l\u01b0\u1ee3ng c\u1ea7n thi\u1ebft cho lan<\/span><\/h3>\n<p data-start=\"1578\" data-end=\"1940\"><span style=\"color: #000000; font-family: arial, helvetica, sans-serif;\">S\u1ea3n ph\u1ea9m cung c\u1ea5p nhi\u1ec1u kho\u00e1ng ch\u1ea5t vi l\u01b0\u1ee3ng nh\u01b0 canxi, magie, s\u1eaft v\u00e0 k\u1ebdm \u2013 nh\u1eefng y\u1ebfu t\u1ed1 quan tr\u1ecdng gi\u00fap c\u00e2y lan ph\u00e1t tri\u1ec3n to\u00e0n di\u1ec7n. C\u00e1c kho\u00e1ng ch\u1ea5t n\u00e0y h\u1ed7 tr\u1ee3 qu\u00e1 tr\u00ecnh quang h\u1ee3p, gi\u00fap l\u00e1 lan xanh d\u00e0y v\u00e0 t\u0103ng kh\u1ea3 n\u0103ng sinh tr\u01b0\u1edfng c\u1ee7a c\u00e2y. Khi \u0111\u01b0\u1ee3c cung c\u1ea5p \u0111\u1ea7y \u0111\u1ee7 vi l\u01b0\u1ee3ng, lan s\u1ebd ph\u00e1t tri\u1ec3n kh\u1ecfe v\u00e0 \u00edt b\u1ecb suy y\u1ebfu.<\/span><\/p>\n<h3 data-start=\"1942\" data-end=\"2257\"><span style=\"color: #000000; font-family: arial, helvetica, sans-serif;\">H\u1ee3p ch\u1ea5t k\u00edch th\u00edch sinh tr\u01b0\u1edfng t\u1ef1 nhi\u00ean<\/span><\/h3>\n<p data-start=\"1942\" data-end=\"2257\"><span style=\"color: #000000; font-family: arial, helvetica, sans-serif;\">Ph\u00e2n tr\u00f9n qu\u1ebf t\u1ef1 nhi\u00ean c\u00f2n ch\u1ee9a c\u00e1c h\u1ee3p ch\u1ea5t sinh h\u1ecdc gi\u00fap k\u00edch th\u00edch r\u1ec5 lan ph\u00e1t tri\u1ec3n m\u1ea1nh. Nh\u1eefng ch\u1ea5t n\u00e0y h\u1ed7 tr\u1ee3 c\u00e2y ph\u1ee5c h\u1ed3i nhanh sau khi thay ch\u1eadu ho\u1eb7c sau giai \u0111o\u1ea1n ra hoa. Nh\u1edd \u0111\u00f3 c\u00e2y lan lu\u00f4n duy tr\u00ec \u0111\u01b0\u1ee3c s\u1ee9c s\u1ed1ng t\u1ed1t v\u00e0 ph\u00e1t tri\u1ec3n \u1ed5n \u0111\u1ecbnh trong th\u1eddi gian d\u00e0i.<\/span><\/p>\n<h2 data-section-id=\"6m7noz\" data-start=\"2264\" data-end=\"2276\"><span style=\"color: #000000; font-family: arial, helvetica, sans-serif;\">C\u00f4ng d\u1ee5ng<\/span><\/h2>\n<h3 data-start=\"2278\" data-end=\"2602\"><span style=\"color: #000000; font-family: arial, helvetica, sans-serif;\">Cung c\u1ea5p dinh d\u01b0\u1ee1ng h\u1eefu c\u01a1 cho c\u00e2y lan<\/span><\/h3>\n<p data-start=\"2278\" data-end=\"2602\"><span style=\"color: #000000; font-family: arial, helvetica, sans-serif;\">Ph\u00e2n tr\u00f9n qu\u1ebf vi\u00ean n\u00e9n SFARM gi\u00fap cung c\u1ea5p ngu\u1ed3n dinh d\u01b0\u1ee1ng t\u1ef1 nhi\u00ean cho lan m\u00e0 kh\u00f4ng g\u00e2y n\u00f3ng r\u1ec5 hay \u1ea3nh h\u01b0\u1edfng \u0111\u1ebfn c\u00e2y. Nh\u1edd kh\u1ea3 n\u0103ng tan ch\u1eadm, d\u01b0\u1ee1ng ch\u1ea5t \u0111\u01b0\u1ee3c gi\u1ea3i ph\u00f3ng d\u1ea7n d\u1ea7n gi\u00fap c\u00e2y h\u1ea5p thu \u1ed5n \u0111\u1ecbnh. \u0110i\u1ec1u n\u00e0y \u0111\u1eb7c bi\u1ec7t ph\u00f9 h\u1ee3p v\u1edbi c\u00e1c lo\u1ea1i lan tr\u1ed3ng trong ch\u1eadu ho\u1eb7c gi\u1ecf treo.<\/span><\/p>\n<figure id=\"attachment_1304\" aria-describedby=\"caption-attachment-1304\" style=\"width: 800px\" class=\"wp-caption aligncenter\"><img loading=\"lazy\" decoding=\"async\" class=\"wp-image-1304 size-full\" src=\"http:\/\/vattunongnghiep.store\/wp-content\/uploads\/2026\/03\/cong-dung-phan-trun-que-vien-nen-sfarm-e1773390498376.jpg\" alt=\"\" width=\"800\" height=\"707\" srcset=\"https:\/\/vattunongnghiep.store\/wp-content\/uploads\/2026\/03\/cong-dung-phan-trun-que-vien-nen-sfarm-e1773390498376.jpg 800w, https:\/\/vattunongnghiep.store\/wp-content\/uploads\/2026\/03\/cong-dung-phan-trun-que-vien-nen-sfarm-e1773390498376-300x265.jpg 300w, https:\/\/vattunongnghiep.store\/wp-content\/uploads\/2026\/03\/cong-dung-phan-trun-que-vien-nen-sfarm-e1773390498376-768x679.jpg 768w, https:\/\/vattunongnghiep.store\/wp-content\/uploads\/2026\/03\/cong-dung-phan-trun-que-vien-nen-sfarm-e1773390498376-600x530.jpg 600w\" sizes=\"auto, (max-width: 800px) 100vw, 800px\" \/><figcaption id=\"caption-attachment-1304\" class=\"wp-caption-text\"><\/span> <span style=\"color: #000000; font-family: arial, helvetica, sans-serif;\">C\u00f4ng d\u1ee5ng ph\u00e2n tr\u00f9n qu\u1ebf vi\u00ean n\u00e9n SFARM<\/span><\/figcaption><\/figure>\n<h3 data-start=\"2604\" data-end=\"2927\"><span style=\"color: #000000; font-family: arial, helvetica, sans-serif;\">K\u00edch th\u00edch b\u1ed9 r\u1ec5 lan ph\u00e1t tri\u1ec3n kh\u1ecfe m\u1ea1nh<\/span><\/h3>\n<p data-start=\"2604\" data-end=\"2927\"><span style=\"color: #000000; font-family: arial, helvetica, sans-serif;\">C\u00e1c d\u01b0\u1ee1ng ch\u1ea5t h\u1eefu c\u01a1 v\u00e0 vi sinh trong ph\u00e2n tr\u00f9n qu\u1ebf gi\u00fap k\u00edch th\u00edch r\u1ec5 lan m\u1ecdc nhanh v\u00e0 b\u00e1m ch\u1eafc v\u00e0o gi\u00e1 th\u1ec3. B\u1ed9 r\u1ec5 kh\u1ecfe s\u1ebd gi\u00fap c\u00e2y h\u1ea5p thu n\u01b0\u1edbc v\u00e0 dinh d\u01b0\u1ee1ng t\u1ed1t h\u01a1n, t\u1eeb \u0111\u00f3 gi\u00fap c\u00e2y sinh tr\u01b0\u1edfng m\u1ea1nh m\u1ebd. \u0110\u00e2y l\u00e0 y\u1ebfu t\u1ed1 quan tr\u1ecdng gi\u00fap c\u00e2y lan ph\u00e1t tri\u1ec3n \u1ed5n \u0111\u1ecbnh v\u00e0 b\u1ec1n v\u1eefng.<\/span><\/p>\n<h3 data-start=\"2929\" data-end=\"3219\"><span style=\"color: #000000; font-family: arial, helvetica, sans-serif;\">Gi\u00fap l\u00e1 lan xanh d\u00e0y v\u00e0 c\u00e2y sinh tr\u01b0\u1edfng \u1ed5n \u0111\u1ecbnh<\/span><\/h3>\n<p data-start=\"2929\" data-end=\"3219\"><span style=\"color: #000000; font-family: arial, helvetica, sans-serif;\">Khi \u0111\u01b0\u1ee3c b\u1ed5 sung \u0111\u1ea7y \u0111\u1ee7 dinh d\u01b0\u1ee1ng h\u1eefu c\u01a1, c\u00e2y lan s\u1ebd c\u00f3 l\u00e1 xanh \u0111\u1eadm, d\u00e0y v\u00e0 kh\u1ecfe h\u01a1n. Ph\u00e2n tr\u00f9n qu\u1ebf c\u00f2n gi\u00fap c\u00e2y ph\u00e1t tri\u1ec3n c\u00e2n \u0111\u1ed1i, h\u1ea1n ch\u1ebf t\u00ecnh tr\u1ea1ng v\u00e0ng l\u00e1 ho\u1eb7c suy c\u00e2y. Nh\u1edd \u0111\u00f3 lan lu\u00f4n gi\u1eef \u0111\u01b0\u1ee3c v\u1ebb \u0111\u1eb9p t\u1ef1 nhi\u00ean v\u00e0 s\u1ee9c s\u1ed1ng l\u00e2u d\u00e0i.<\/span><\/p>\n<h3 data-start=\"3221\" data-end=\"3515\"><span style=\"color: #000000; font-family: arial, helvetica, sans-serif;\">H\u1ed7 tr\u1ee3 lan ra hoa \u0111\u1eb9p v\u00e0 b\u1ec1n m\u00e0u<\/span><\/h3>\n<p data-start=\"3221\" data-end=\"3515\"><span style=\"color: #000000; font-family: arial, helvetica, sans-serif;\">Vi\u1ec7c s\u1eed d\u1ee5ng ph\u00e2n tr\u00f9n qu\u1ebf vi\u00ean n\u00e9n SFARM \u0111\u1ecbnh k\u1ef3 gi\u00fap c\u00e2y lan t\u00edch l\u0169y dinh d\u01b0\u1ee1ng t\u1ed1t h\u01a1n. Khi c\u00e2y \u0111\u1ee7 d\u01b0\u1ee1ng ch\u1ea5t, qu\u00e1 tr\u00ecnh h\u00ecnh th\u00e0nh n\u1ee5 v\u00e0 ra hoa s\u1ebd di\u1ec5n ra thu\u1eadn l\u1ee3i h\u01a1n. Hoa lan v\u00ec v\u1eady c\u00f3 m\u00e0u s\u1eafc t\u01b0\u01a1i s\u00e1ng, c\u00e1nh hoa d\u00e0y v\u00e0 th\u1eddi gian ch\u01a1i hoa l\u00e2u h\u01a1n.<\/span><\/p>\n<h2 data-section-id=\"1cclp5d\" data-start=\"3522\" data-end=\"3552\"><span style=\"color: #000000; font-family: arial, helvetica, sans-serif;\">\u0110\u1ed1i t\u01b0\u1ee3ng c\u00e2y tr\u1ed3ng s\u1eed d\u1ee5ng<\/span><\/h2>\n<figure id=\"attachment_1305\" aria-describedby=\"caption-attachment-1305\" style=\"width: 480px\" class=\"wp-caption aligncenter\"><img loading=\"lazy\" decoding=\"async\" class=\"wp-image-1305 size-full\" src=\"http:\/\/vattunongnghiep.store\/wp-content\/uploads\/2026\/03\/phan-biet-2-loai-phan-trun-que-vien-nen-sfarm.jpg\" alt=\"\" width=\"480\" height=\"480\" srcset=\"https:\/\/vattunongnghiep.store\/wp-content\/uploads\/2026\/03\/phan-biet-2-loai-phan-trun-que-vien-nen-sfarm.jpg 480w, https:\/\/vattunongnghiep.store\/wp-content\/uploads\/2026\/03\/phan-biet-2-loai-phan-trun-que-vien-nen-sfarm-300x300.jpg 300w, https:\/\/vattunongnghiep.store\/wp-content\/uploads\/2026\/03\/phan-biet-2-loai-phan-trun-que-vien-nen-sfarm-150x150.jpg 150w, https:\/\/vattunongnghiep.store\/wp-content\/uploads\/2026\/03\/phan-biet-2-loai-phan-trun-que-vien-nen-sfarm-100x100.jpg 100w\" sizes=\"auto, (max-width: 480px) 100vw, 480px\" \/><figcaption id=\"caption-attachment-1305\" class=\"wp-caption-text\"><\/span> <span style=\"color: #000000; font-family: arial, helvetica, sans-serif;\">Ph\u00e2n bi\u1ec7t 2 lo\u1ea1i ph\u00e2n tr\u00f9n qu\u1ebf vi\u00ean n\u00e9n SFARM<\/span><\/figcaption><\/figure>\n<p data-start=\"3554\" data-end=\"3858\"><span style=\"color: #000000; font-family: arial, helvetica, sans-serif;\"><strong data-start=\"3554\" data-end=\"3587\">C\u00e1c lo\u1ea1i lan tr\u1ed3ng trong ch\u1eadu<\/strong><\/span><br data-start=\"3587\" data-end=\"3590\" \/><span style=\"color: #000000; font-family: arial, helvetica, sans-serif;\">Ph\u00e2n tr\u00f9n qu\u1ebf vi\u00ean n\u00e9n SFARM r\u1ea5t th\u00edch h\u1ee3p cho c\u00e1c lo\u1ea1i lan tr\u1ed3ng trong ch\u1eadu ho\u1eb7c gi\u1ecf treo. D\u1ea1ng vi\u00ean n\u00e9n nh\u1ecf g\u1ecdn gi\u00fap ng\u01b0\u1eddi tr\u1ed3ng d\u1ec5 d\u00e0ng \u0111\u1eb7t v\u00e0o gi\u00e1 th\u1ec3 m\u00e0 kh\u00f4ng l\u00e0m \u1ea3nh h\u01b0\u1edfng \u0111\u1ebfn b\u1ed9 r\u1ec5. Ph\u00e2n tan ch\u1eadm gi\u00fap cung c\u1ea5p dinh d\u01b0\u1ee1ng \u1ed5n \u0111\u1ecbnh cho c\u00e2y lan trong th\u1eddi gian d\u00e0i.<\/span><\/p>\n<p data-start=\"3860\" data-end=\"4136\"><span style=\"color: #000000; font-family: arial, helvetica, sans-serif;\"><strong data-start=\"3860\" data-end=\"3887\">Lan r\u1eebng v\u00e0 lan s\u01b0u t\u1ea7m<\/strong><\/span><br data-start=\"3887\" data-end=\"3890\" \/><span style=\"color: #000000; font-family: arial, helvetica, sans-serif;\">\u0110\u1ed1i v\u1edbi nh\u1eefng d\u00f2ng lan r\u1eebng ho\u1eb7c lan qu\u00fd hi\u1ebfm, vi\u1ec7c s\u1eed d\u1ee5ng ph\u00e2n h\u1eefu c\u01a1 t\u1ef1 nhi\u00ean s\u1ebd gi\u00fap c\u00e2y ph\u00e1t tri\u1ec3n an to\u00e0n v\u00e0 h\u1ea1n ch\u1ebf nguy c\u01a1 s\u1ed1c ph\u00e2n. Ph\u00e2n tr\u00f9n qu\u1ebf gi\u00fap b\u1ed5 sung d\u01b0\u1ee1ng ch\u1ea5t nh\u1eb9 nh\u00e0ng v\u00e0 ph\u00f9 h\u1ee3p v\u1edbi \u0111\u1eb7c t\u00ednh sinh tr\u01b0\u1edfng c\u1ee7a c\u00e1c lo\u1ea1i lan n\u00e0y.<\/span><\/p>\n<p data-start=\"4138\" data-end=\"4456\"><span style=\"color: #000000; font-family: arial, helvetica, sans-serif;\"><strong data-start=\"4138\" data-end=\"4182\">Lan m\u1edbi tr\u1ed3ng ho\u1eb7c lan sau khi thay ch\u1eadu<\/strong><\/span><br data-start=\"4182\" data-end=\"4185\" \/><span style=\"color: #000000; font-family: arial, helvetica, sans-serif;\">Sau khi thay ch\u1eadu ho\u1eb7c t\u00e1ch nh\u00e1nh, c\u00e2y lan th\u01b0\u1eddng c\u1ea7n th\u1eddi gian \u0111\u1ec3 ph\u1ee5c h\u1ed3i v\u00e0 ph\u00e1t tri\u1ec3n b\u1ed9 r\u1ec5 m\u1edbi. Ph\u00e2n tr\u00f9n qu\u1ebf vi\u00ean n\u00e9n SFARM cung c\u1ea5p ngu\u1ed3n dinh d\u01b0\u1ee1ng t\u1ef1 nhi\u00ean gi\u00fap c\u00e2y nhanh ch\u00f3ng th\u00edch nghi v\u1edbi m\u00f4i tr\u01b0\u1eddng m\u1edbi. Nh\u1edd v\u1eady c\u00e2y lan ph\u1ee5c h\u1ed3i nhanh v\u00e0 sinh tr\u01b0\u1edfng \u1ed5n \u0111\u1ecbnh.<\/span><\/p>\n<p data-start=\"4458\" data-end=\"4758\"><span style=\"color: #000000; font-family: arial, helvetica, sans-serif;\"><strong data-start=\"4458\" data-end=\"4503\">Lan \u0111ang trong giai \u0111o\u1ea1n sinh tr\u01b0\u1edfng m\u1ea1nh<\/strong><\/span><br data-start=\"4503\" data-end=\"4506\" \/><span style=\"color: #000000; font-family: arial, helvetica, sans-serif;\">\u1ede giai \u0111o\u1ea1n ph\u00e1t tri\u1ec3n th\u00e2n l\u00e1 v\u00e0 chu\u1ea9n b\u1ecb ra hoa, c\u00e2y lan c\u1ea7n nhi\u1ec1u d\u01b0\u1ee1ng ch\u1ea5t \u0111\u1ec3 duy tr\u00ec s\u1ee9c s\u1ed1ng. Vi\u1ec7c s\u1eed d\u1ee5ng ph\u00e2n tr\u00f9n qu\u1ebf vi\u00ean n\u00e9n s\u1ebd gi\u00fap b\u1ed5 sung dinh d\u01b0\u1ee1ng \u0111\u1ec1u \u0111\u1eb7n cho c\u00e2y. \u0110i\u1ec1u n\u00e0y gi\u00fap lan ph\u00e1t tri\u1ec3n kh\u1ecfe v\u00e0 chu\u1ea9n b\u1ecb t\u1ed1t cho giai \u0111o\u1ea1n ra hoa.<\/span><\/p>\n<h2 data-section-id=\"69br7c\" data-start=\"4765\" data-end=\"4785\"><span style=\"color: #000000; font-family: arial, helvetica, sans-serif;\">H\u01b0\u1edbng d\u1eabn s\u1eed d\u1ee5ng<\/span><\/h2>\n<p data-start=\"4787\" data-end=\"5108\"><span style=\"color: #000000; font-family: arial, helvetica, sans-serif;\"><strong data-start=\"4787\" data-end=\"4837\">S\u1eed d\u1ee5ng cho lan tr\u1ed3ng trong ch\u1eadu ho\u1eb7c gi\u1ecf treo<\/strong><\/span><br data-start=\"4837\" data-end=\"4840\" \/><span style=\"color: #000000; font-family: arial, helvetica, sans-serif;\">\u0110\u1eb7t m\u1ed9t l\u01b0\u1ee3ng nh\u1ecf vi\u00ean ph\u00e2n tr\u00f9n qu\u1ebf SFARM l\u00ean b\u1ec1 m\u1eb7t gi\u00e1 th\u1ec3 ho\u1eb7c cho v\u00e0o t\u00fai l\u01b0\u1edbi r\u1ed3i treo tr\u00ean ch\u1eadu lan. Khi t\u01b0\u1edbi n\u01b0\u1edbc, ph\u00e2n s\u1ebd tan d\u1ea7n v\u00e0 cung c\u1ea5p dinh d\u01b0\u1ee1ng cho c\u00e2y theo th\u1eddi gian. C\u00e1ch s\u1eed d\u1ee5ng n\u00e0y gi\u00fap c\u00e2y lan h\u1ea5p thu d\u01b0\u1ee1ng ch\u1ea5t \u1ed5n \u0111\u1ecbnh v\u00e0 h\u1ea1n ch\u1ebf l\u00e3ng ph\u00ed ph\u00e2n.<\/span><\/p>\n<p data-start=\"5110\" data-end=\"5375\"><span style=\"color: #000000; font-family: arial, helvetica, sans-serif;\"><strong data-start=\"5110\" data-end=\"5153\">B\u00f3n cho lan trong giai \u0111o\u1ea1n sinh tr\u01b0\u1edfng<\/strong><\/span><br data-start=\"5153\" data-end=\"5156\" \/><span style=\"color: #000000; font-family: arial, helvetica, sans-serif;\">Trong giai \u0111o\u1ea1n c\u00e2y lan ph\u00e1t tri\u1ec3n th\u00e2n l\u00e1, n\u00ean b\u1ed5 sung ph\u00e2n tr\u00f9n qu\u1ebf \u0111\u1ecbnh k\u1ef3 \u0111\u1ec3 cung c\u1ea5p ngu\u1ed3n dinh d\u01b0\u1ee1ng h\u1eefu c\u01a1. Vi\u1ec7c b\u00f3n ph\u00e2n gi\u00fap c\u00e2y ph\u00e1t tri\u1ec3n m\u1ea1nh v\u00e0 b\u1ed9 r\u1ec5 kh\u1ecfe h\u01a1n. Khi c\u00e2y kh\u1ecfe, kh\u1ea3 n\u0103ng ra hoa c\u0169ng s\u1ebd t\u1ed1t h\u01a1n.<\/span><\/p>\n<p data-start=\"5377\" data-end=\"5688\"><span style=\"color: #000000; font-family: arial, helvetica, sans-serif;\"><strong data-start=\"5377\" data-end=\"5426\">S\u1eed d\u1ee5ng sau khi thay ch\u1eadu ho\u1eb7c t\u00e1ch nh\u00e1nh lan<\/strong><\/span><br data-start=\"5426\" data-end=\"5429\" \/><span style=\"color: #000000; font-family: arial, helvetica, sans-serif;\">Sau khi thay ch\u1eadu, c\u00f3 th\u1ec3 \u0111\u1eb7t m\u1ed9t l\u01b0\u1ee3ng nh\u1ecf ph\u00e2n tr\u00f9n qu\u1ebf vi\u00ean n\u00e9n SFARM tr\u00ean b\u1ec1 m\u1eb7t gi\u00e1 th\u1ec3 \u0111\u1ec3 gi\u00fap c\u00e2y ph\u1ee5c h\u1ed3i nhanh. Ph\u00e2n s\u1ebd cung c\u1ea5p dinh d\u01b0\u1ee1ng nh\u1eb9 nh\u00e0ng gi\u00fap r\u1ec5 m\u1edbi ph\u00e1t tri\u1ec3n thu\u1eadn l\u1ee3i. \u0110i\u1ec1u n\u00e0y gi\u00fap c\u00e2y lan nhanh ch\u00f3ng \u1ed5n \u0111\u1ecbnh v\u00e0 ti\u1ebfp t\u1ee5c sinh tr\u01b0\u1edfng.<\/span><\/p>\n<p data-start=\"5690\" data-end=\"6023\"><span style=\"color: #000000; font-family: arial, helvetica, sans-serif;\"><strong data-start=\"5690\" data-end=\"5733\">B\u00f3n \u0111\u1ecbnh k\u1ef3 \u0111\u1ec3 duy tr\u00ec s\u1ee9c s\u1ed1ng cho lan<\/strong><\/span><br data-start=\"5733\" data-end=\"5736\" \/><span style=\"color: #000000; font-family: arial, helvetica, sans-serif;\">\u0110\u1ec3 c\u00e2y lan lu\u00f4n xanh t\u1ed1t v\u00e0 ph\u00e1t tri\u1ec3n b\u1ec1n v\u1eefng, n\u00ean b\u1ed5 sung ph\u00e2n tr\u00f9n qu\u1ebf vi\u00ean n\u00e9n SFARM \u0111\u1ecbnh k\u1ef3 trong qu\u00e1 tr\u00ecnh ch\u0103m s\u00f3c. Vi\u1ec7c cung c\u1ea5p d\u01b0\u1ee1ng ch\u1ea5t th\u01b0\u1eddng xuy\u00ean gi\u00fap c\u00e2y duy tr\u00ec s\u1ee9c s\u1ed1ng v\u00e0 h\u1ed7 tr\u1ee3 qu\u00e1 tr\u00ecnh ra hoa. Nh\u1edd v\u1eady ng\u01b0\u1eddi tr\u1ed3ng c\u00f3 th\u1ec3 th\u01b0\u1edfng th\u1ee9c nh\u1eefng ch\u1eadu lan \u0111\u1eb9p v\u00e0 kh\u1ecfe m\u1ea1nh.<\/span><\/p>\n<\/div>\n<\/div>\n<\/div>\n<\/div>\n<\/div>\n<\/div>\n<\/article>\n","protected":false},"excerpt":{"rendered":"<p>Ph\u00e2n tr\u00f9n qu\u1ebf vi\u00ean n\u00e9n SFARM l\u00e0 d\u00f2ng ph\u00e2n b\u00f3n h\u1eefu c\u01a1 \u0111\u01b0\u1ee3c s\u1ea3n xu\u1ea5t t\u1eeb ngu\u1ed3n tr\u00f9n qu\u1ebf t\u1ef1 nhi\u00ean, tr\u1ea3i qua qu\u00e1 tr\u00ecnh x\u1eed l\u00fd v\u00e0 \u00e9p th\u00e0nh d\u1ea1ng vi\u00ean nh\u1ecf g\u1ecdn, d\u1ec5 s\u1eed d\u1ee5ng. S\u1ea3n ph\u1ea9m cung c\u1ea5p ngu\u1ed3n d\u01b0\u1ee1ng ch\u1ea5t h\u1eefu c\u01a1 phong ph\u00fa gi\u00fap c\u1ea3i t\u1ea1o \u0111\u1ea5t tr\u1ed3ng, t\u0103ng \u0111\u1ed9 [&#8230;]\n","protected":false},"featured_media":1306,"comment_status":"open","ping_status":"closed","template":"","meta":[],"product_brand":[],"product_cat":[58],"product_tag":[],"class_list":{"0":"post-1302","1":"product","2":"type-product","3":"status-publish","4":"has-post-thumbnail","6":"product_cat-phan-bon-cho-lan","8":"first","9":"instock","10":"shipping-taxable","11":"purchasable","12":"product-type-simple"},"jetpack_sharing_enabled":true,"_links":{"self":[{"href":"https:\/\/vattunongnghiep.store\/index.php\/wp-json\/wp\/v2\/product\/1302","targetHints":{"allow":["GET"]}}],"collection":[{"href":"https:\/\/vattunongnghiep.store\/index.php\/wp-json\/wp\/v2\/product"}],"about":[{"href":"https:\/\/vattunongnghiep.store\/index.php\/wp-json\/wp\/v2\/types\/product"}],"replies":[{"embeddable":true,"href":"https:\/\/vattunongnghiep.store\/index.php\/wp-json\/wp\/v2\/comments?post=1302"}],"wp:featuredmedia":[{"embeddable":true,"href":"https:\/\/vattunongnghiep.store\/index.php\/wp-json\/wp\/v2\/media\/1306"}],"wp:attachment":[{"href":"https:\/\/vattunongnghiep.store\/index.php\/wp-json\/wp\/v2\/media?parent=1302"}],"wp:term":[{"taxonomy":"product_brand","embeddable":true,"href":"https:\/\/vattunongnghiep.store\/index.php\/wp-json\/wp\/v2\/product_brand?post=1302"},{"taxonomy":"product_cat","embeddable":true,"href":"https:\/\/vattunongnghiep.store\/index.php\/wp-json\/wp\/v2\/product_cat?post=1302"},{"taxonomy":"product_tag","embeddable":true,"href":"https:\/\/vattunongnghiep.store\/index.php\/wp-json\/wp\/v2\/product_tag?post=1302"}],"curies":[{"name":"wp","href":"https:\/\/api.w.org\/{rel}","templated":true}]}}